{"id":147093,"date":"2023-02-23T15:30:19","date_gmt":"2023-02-23T15:30:19","guid":{"rendered":"https:\/\/itacahostel.com\/politica-de-privacidad\/"},"modified":"2025-02-25T16:12:31","modified_gmt":"2025-02-25T16:12:31","slug":"politica-de-privacidad","status":"publish","type":"page","link":"https:\/\/itacahostel.com\/ca\/politica-de-privacidad\/","title":{"rendered":"Pol\u00edtica de privacidad"},"content":{"rendered":"<p><b>Titular :<\/b> Itaca Hostels<br \/>\n<b>CIF : <\/b><br \/>\n<b>Domicilio :<\/b> Carrer Ripoll 21, 08002 \u2013 Barcelona (Espanya)<br \/>\n<b>Contacto : <\/b>+34 933 019 751<\/p>\n<p><strong>Objetivo y prop\u00f3sitos<\/strong><br \/>\nGestionar la recepci\u00f3n de consultas acerca de nuestros productos y servicios. Vender nuestros productos Para comunicarnos directamente contigo<\/p>\n<p><strong>Derechos<\/strong><\/p>\n<p>Puede retirar en cualquier momento su consentimiento, as\u00ed como ejercer los derechos de acceso, objeci\u00f3n, rectificaci\u00f3n, portabilidad de datos, restricci\u00f3n \/ limitaci\u00f3n de procesamiento, eliminaci\u00f3n de datos, cancelaci\u00f3n y no ser objeto de decisiones<br \/>\nautomatizadas escribiendo a en la direcci\u00f3n especificada.<\/p>\n<p><strong>Legitimidad<\/strong><br \/>\nConsentimiento del sujeto de los datos.<\/p>\n<p><strong>Detalles sobre la protecci\u00f3n de datos personales.<\/strong><\/p>\n<p>Puede enviarnos Datos Personales de forma voluntaria a trav\u00e9s de los formularios incluidos en nuestro sitio web a trav\u00e9s del correo electr\u00f3nico , los perfiles en las redes sociales u otros medios. El suministro de datos personales a trav\u00e9s de este sitio web implica el consentimiento de los datos de procesamiento de acuerdo con los t\u00e9rminos indicados en la presente Pol\u00edtica de Privacidad. Su consentimiento cumple los siguientes objetivos:<\/p>\n<p>Responde a sus peticiones, incidencias y sugerencias.<br \/>\nLe mantendremos informado sobre nuestros productos y servicios por medios electr\u00f3nicos o cualquier otro medio proporcionado y facilitado, as\u00ed como para informar sobre promociones, noticias y nuevos productos.<br \/>\nProporcionar los servicios o productos derivados de nuestro acuerdo comercial o relaci\u00f3n comercial.<br \/>\nContactar con usted para gestionar tareas de administraci\u00f3n b\u00e1sicas.<br \/>\nCumplir con nuestras obligaciones legales y reglamentarias.<br \/>\nCon su consentimiento: Podemos compartir datos personales sobre usted con terceros cuando nos de su consentimiento expreso para ello. Tenga en cuenta que el consentimiento dado puede ser revocado por usted en cualquier momento.<\/p>\n<p>Almacenamiento de los datos: Los datos personales proporcionados ser\u00e1n conservados y procesados por . durante el tiempo que lo necesitemos para proporcionarle los productos solicitados o para cumplir con nuestras obligaciones comerciales o legales. Nos aseguramos de que no conservemos sus datos personales durante m\u00e1s del tiempo necesario. Cuando ya no sea preciso conservar sus datos personales, se eliminar\u00e1n o se anonimizar\u00e1n para que ya no pueda ser identificados con dichos datos.<\/p>\n<p><strong>Tus derechos<\/strong><\/p>\n<p>Como contempla la Normativa Europea en materia de protecci\u00f3n de Datos de car\u00e1cter personal, puede disfrutar de los derechos relacionados con sus datos personales:<\/p>\n<p>Derecho de acceso : si lo solicita, le confirmaremos si estamos procesando sus datos personales y, de ser as\u00ed, le proporcionaremos una copia de dichos datos personales.<\/p>\n<p>Derecho a objetar : Puede solicitarnos en cualquier momento que dejemos de procesar sus Datos personales.<\/p>\n<p>Derecho de rectificaci\u00f3n : tiene derecho a solicitar que corrijamos o completemos sus datos personales si son inexactos o est\u00e1n incompletos.<\/p>\n<p>Derecho de portabilidad de los datos : tiene derecho a mover, copiar o transferir datos personales de nuestra base de datos a otra. Esto solo se aplica a los datos personales que ha proporcionado donde el procesamiento se basa en un contrato o su consentimiento, y el procesamiento se realiza por medios automatizados.<\/p>\n<p>Derecho de restricci\u00f3n \/ limitaci\u00f3n de procesamiento de datos: este derecho significa que nuestro procesamiento de sus datos personales est\u00e1 restringido, por lo que podemos almacenarlos, pero no utilizarlos ni procesarlos m\u00e1s.<\/p>\n<p>Derecho al olvido: en algunos casos, tiene derecho a que sus datos personales se borren o se eliminen. Puede solicitarnos que eliminemos o eliminemos sus Datos personales.<\/p>\n<p>Derecho de cancelaci\u00f3n: Usted puede cancelar su suscripci\u00f3n o excluirse de nuestra comunicaci\u00f3n de marketing directo en cualquier momento.<\/p>\n<p>Derecha de no estar sujeto a una decisi\u00f3n basada \u00fanicamente en la toma de decisiones automatizada. Cuando usamos sus datos personales para tomar una decisi\u00f3n automatizada sobre usted, tiene derecho a objetar nuestra decisi\u00f3n. Su derecho no se aplica si: ( i ) nos dio su consentimiento expl\u00edcito para utilizar sus datos personales para tomar nuestra decisi\u00f3n; (ii) la ley nos permite tomar nuestra decisi\u00f3n; o (iii) nuestra decisi\u00f3n automatizada fue necesaria para permitirnos celebrar un contrato con usted.<\/p>\n<p>Para cualquier incidencia o reclamaci\u00f3n acerca de nuestras pr\u00e1cticas de privacidad, incluida la forma en que manejamos sus Datos personales, puede informarlo a la autoridad competente de protecci\u00f3n de datos, autorizada para escuchar y tratar las solicitudes.<\/p>\n<p>Estos derechos se pueden ejercer mediante comunicaci\u00f3n escrita dirigida a pilimili@itacahostel.com<\/p>\n<p>Debe adjuntar una copia de su documento de identidad u otro documento v\u00e1lido que lo identifique.<\/p>\n<p><strong>Medidas de seguridad y confidencialidad<\/strong><\/p>\n<p>Adopta las medidas necesarias para mantener el nivel de seguridad requerido, dependiendo de la naturaleza de los datos personales procesados y las circunstancias del procesamiento, para que podamos prevenir, en la medida de lo posible, la p\u00e9rdida, alteraci\u00f3n y acceso no autorizado a datos personales.<\/p>\n<p>EL TITULAR garantiza la confidencialidad, integridad y disponibilidad de los sistemas de procesamiento, as\u00ed como la verificaci\u00f3n de la efectividad de las medidas t\u00e9cnicas implementadas para garantizar la seguridad de sus datos, como cifrar los datos personales, si corresponde.<\/p>\n<p>Los datos recogidos en todas las comunicaciones privadas ser\u00e1n tratados con absoluta confidencialidad. est\u00e1 comprometido bajo la obligaci\u00f3n de secreto profesional.<\/p>\n<p>Antes de proporcionar datos personales en nuestro sitio web, una vez se haya le\u00eddo y comprendido los t\u00e9rminos contenidos en la presente Pol\u00edtica de Privacidad, usted debe dar consentimiento expreso de proporcionar sus datos personales. El Usuario se compromete a eximir de responsabilidad a de cualquier posible reclamaci\u00f3n, multa o sanci\u00f3n que se le pueda imponer como consecuencia del incumplimiento por parte del Usuario de la obligaci\u00f3n descrita en este p\u00e1rrafo.<\/p>\n<p><strong>Cambios en nuestra pol\u00edtica de privacidad<\/strong><br \/>\nCualquier cambio que podamos hacer en nuestra Pol\u00edtica de privacidad y cookies en el futuro se publicar\u00e1 en esta p\u00e1gina y, cuando corresponda, se le notificar\u00e1 por correo electr\u00f3nico. Consulte con frecuencia esta secci\u00f3n para ver las actualizaciones o cambios en nuestra Pol\u00edtica de privacidad y cookies.<\/p>\n","protected":false},"excerpt":{"rendered":"<p>Titular : Itaca Hostels CIF : Domicilio : Carrer Ripoll 21, 08002 \u2013 Barcelona (Espanya) Contacto : +34 933 019 [&hellip;]<\/p>\n","protected":false},"author":1,"featured_media":0,"parent":0,"menu_order":0,"comment_status":"closed","ping_status":"open","template":"","meta":{"footnotes":""},"class_list":["post-147093","page","type-page","status-publish","hentry"],"yoast_head":"<!-- This site is optimized with the Yoast SEO plugin v24.6 - https:\/\/yoast.com\/wordpress\/plugins\/seo\/ -->\n<title>Pol\u00edtica de privacidad - Itaca Hostel<\/title>\n<meta name=\"robots\" content=\"noindex, nofollow\" \/>\n<meta property=\"og:locale\" content=\"ca_ES\" \/>\n<meta property=\"og:type\" content=\"article\" \/>\n<meta property=\"og:title\" content=\"Pol\u00edtica de privacidad - Itaca Hostel\" \/>\n<meta property=\"og:description\" content=\"Titular : Itaca Hostels CIF : Domicilio : Carrer Ripoll 21, 08002 \u2013 Barcelona (Espanya) Contacto : +34 933 019 [&hellip;]\" \/>\n<meta property=\"og:url\" content=\"https:\/\/itacahostel.com\/ca\/politica-de-privacidad\/\" \/>\n<meta property=\"og:site_name\" content=\"Itaca Hostel\" \/>\n<meta property=\"article:publisher\" content=\"https:\/\/www.facebook.com\/itacahostel\/\" \/>\n<meta property=\"article:modified_time\" content=\"2025-02-25T16:12:31+00:00\" \/>\n<meta name=\"twitter:card\" content=\"summary_large_image\" \/>\n<meta name=\"twitter:label1\" content=\"Temps estimat de lectura\" \/>\n\t<meta name=\"twitter:data1\" content=\"5 minuts\" \/>\n<script type=\"application\/ld+json\" class=\"yoast-schema-graph\">{\"@context\":\"https:\/\/schema.org\",\"@graph\":[{\"@type\":\"WebPage\",\"@id\":\"https:\/\/itacahostel.com\/ca\/politica-de-privacidad\/\",\"url\":\"https:\/\/itacahostel.com\/ca\/politica-de-privacidad\/\",\"name\":\"Pol\u00edtica de privacidad - Itaca Hostel\",\"isPartOf\":{\"@id\":\"https:\/\/itacahostel.com\/ca\/#website\"},\"datePublished\":\"2023-02-23T15:30:19+00:00\",\"dateModified\":\"2025-02-25T16:12:31+00:00\",\"breadcrumb\":{\"@id\":\"https:\/\/itacahostel.com\/ca\/politica-de-privacidad\/#breadcrumb\"},\"inLanguage\":\"ca\",\"potentialAction\":[{\"@type\":\"ReadAction\",\"target\":[\"https:\/\/itacahostel.com\/ca\/politica-de-privacidad\/\"]}]},{\"@type\":\"BreadcrumbList\",\"@id\":\"https:\/\/itacahostel.com\/ca\/politica-de-privacidad\/#breadcrumb\",\"itemListElement\":[{\"@type\":\"ListItem\",\"position\":1,\"name\":\"Portada\",\"item\":\"https:\/\/itacahostel.com\/ca\/\"},{\"@type\":\"ListItem\",\"position\":2,\"name\":\"Pol\u00edtica de privacidad\"}]},{\"@type\":\"WebSite\",\"@id\":\"https:\/\/itacahostel.com\/ca\/#website\",\"url\":\"https:\/\/itacahostel.com\/ca\/\",\"name\":\"Itaca Hostel\",\"description\":\"Barcelona Hostel\",\"publisher\":{\"@id\":\"https:\/\/itacahostel.com\/ca\/#organization\"},\"potentialAction\":[{\"@type\":\"SearchAction\",\"target\":{\"@type\":\"EntryPoint\",\"urlTemplate\":\"https:\/\/itacahostel.com\/ca\/?s={search_term_string}\"},\"query-input\":{\"@type\":\"PropertyValueSpecification\",\"valueRequired\":true,\"valueName\":\"search_term_string\"}}],\"inLanguage\":\"ca\"},{\"@type\":\"Organization\",\"@id\":\"https:\/\/itacahostel.com\/ca\/#organization\",\"name\":\"Itaca Hostel\",\"url\":\"https:\/\/itacahostel.com\/ca\/\",\"logo\":{\"@type\":\"ImageObject\",\"inLanguage\":\"ca\",\"@id\":\"https:\/\/itacahostel.com\/ca\/#\/schema\/logo\/image\/\",\"url\":\"https:\/\/itacahostel.com\/wp-content\/uploads\/2024\/11\/logo-iteca-hostel.png\",\"contentUrl\":\"https:\/\/itacahostel.com\/wp-content\/uploads\/2024\/11\/logo-iteca-hostel.png\",\"width\":300,\"height\":192,\"caption\":\"Itaca Hostel\"},\"image\":{\"@id\":\"https:\/\/itacahostel.com\/ca\/#\/schema\/logo\/image\/\"},\"sameAs\":[\"https:\/\/www.facebook.com\/itacahostel\/\",\"https:\/\/www.instagram.com\/itacahostel\/\"]}]}<\/script>\n<!-- \/ Yoast SEO plugin. -->","yoast_head_json":{"title":"Pol\u00edtica de privacidad - Itaca Hostel","robots":{"index":"noindex","follow":"nofollow"},"og_locale":"ca_ES","og_type":"article","og_title":"Pol\u00edtica de privacidad - Itaca Hostel","og_description":"Titular : Itaca Hostels CIF : Domicilio : Carrer Ripoll 21, 08002 \u2013 Barcelona (Espanya) Contacto : +34 933 019 [&hellip;]","og_url":"https:\/\/itacahostel.com\/ca\/politica-de-privacidad\/","og_site_name":"Itaca Hostel","article_publisher":"https:\/\/www.facebook.com\/itacahostel\/","article_modified_time":"2025-02-25T16:12:31+00:00","twitter_card":"summary_large_image","twitter_misc":{"Temps estimat de lectura":"5 minuts"},"schema":{"@context":"https:\/\/schema.org","@graph":[{"@type":"WebPage","@id":"https:\/\/itacahostel.com\/ca\/politica-de-privacidad\/","url":"https:\/\/itacahostel.com\/ca\/politica-de-privacidad\/","name":"Pol\u00edtica de privacidad - Itaca Hostel","isPartOf":{"@id":"https:\/\/itacahostel.com\/ca\/#website"},"datePublished":"2023-02-23T15:30:19+00:00","dateModified":"2025-02-25T16:12:31+00:00","breadcrumb":{"@id":"https:\/\/itacahostel.com\/ca\/politica-de-privacidad\/#breadcrumb"},"inLanguage":"ca","potentialAction":[{"@type":"ReadAction","target":["https:\/\/itacahostel.com\/ca\/politica-de-privacidad\/"]}]},{"@type":"BreadcrumbList","@id":"https:\/\/itacahostel.com\/ca\/politica-de-privacidad\/#breadcrumb","itemListElement":[{"@type":"ListItem","position":1,"name":"Portada","item":"https:\/\/itacahostel.com\/ca\/"},{"@type":"ListItem","position":2,"name":"Pol\u00edtica de privacidad"}]},{"@type":"WebSite","@id":"https:\/\/itacahostel.com\/ca\/#website","url":"https:\/\/itacahostel.com\/ca\/","name":"Itaca Hostel","description":"Barcelona Hostel","publisher":{"@id":"https:\/\/itacahostel.com\/ca\/#organization"},"potentialAction":[{"@type":"SearchAction","target":{"@type":"EntryPoint","urlTemplate":"https:\/\/itacahostel.com\/ca\/?s={search_term_string}"},"query-input":{"@type":"PropertyValueSpecification","valueRequired":true,"valueName":"search_term_string"}}],"inLanguage":"ca"},{"@type":"Organization","@id":"https:\/\/itacahostel.com\/ca\/#organization","name":"Itaca Hostel","url":"https:\/\/itacahostel.com\/ca\/","logo":{"@type":"ImageObject","inLanguage":"ca","@id":"https:\/\/itacahostel.com\/ca\/#\/schema\/logo\/image\/","url":"https:\/\/itacahostel.com\/wp-content\/uploads\/2024\/11\/logo-iteca-hostel.png","contentUrl":"https:\/\/itacahostel.com\/wp-content\/uploads\/2024\/11\/logo-iteca-hostel.png","width":300,"height":192,"caption":"Itaca Hostel"},"image":{"@id":"https:\/\/itacahostel.com\/ca\/#\/schema\/logo\/image\/"},"sameAs":["https:\/\/www.facebook.com\/itacahostel\/","https:\/\/www.instagram.com\/itacahostel\/"]}]}},"_links":{"self":[{"href":"https:\/\/itacahostel.com\/ca\/wp-json\/wp\/v2\/pages\/147093","targetHints":{"allow":["GET"]}}],"collection":[{"href":"https:\/\/itacahostel.com\/ca\/wp-json\/wp\/v2\/pages"}],"about":[{"href":"https:\/\/itacahostel.com\/ca\/wp-json\/wp\/v2\/types\/page"}],"author":[{"embeddable":true,"href":"https:\/\/itacahostel.com\/ca\/wp-json\/wp\/v2\/users\/1"}],"replies":[{"embeddable":true,"href":"https:\/\/itacahostel.com\/ca\/wp-json\/wp\/v2\/comments?post=147093"}],"version-history":[{"count":1,"href":"https:\/\/itacahostel.com\/ca\/wp-json\/wp\/v2\/pages\/147093\/revisions"}],"predecessor-version":[{"id":147095,"href":"https:\/\/itacahostel.com\/ca\/wp-json\/wp\/v2\/pages\/147093\/revisions\/147095"}],"wp:attachment":[{"href":"https:\/\/itacahostel.com\/ca\/wp-json\/wp\/v2\/media?parent=147093"}],"curies":[{"name":"wp","href":"https:\/\/api.w.org\/{rel}","templated":true}]}}