{"id":147092,"date":"2024-12-04T11:30:23","date_gmt":"2024-12-04T11:30:23","guid":{"rendered":"https:\/\/itacahostel.com\/aviso-legal\/"},"modified":"2024-12-04T11:30:23","modified_gmt":"2024-12-04T11:30:23","slug":"aviso-legal","status":"publish","type":"page","link":"https:\/\/itacahostel.com\/ca\/aviso-legal\/","title":{"rendered":"Aviso legal"},"content":{"rendered":"<p>AVISO LEGAL<br \/>\nTitular de la Web<br \/>\nDe conformidad con lo dispuesto en el art\u00edculo 10 de la Ley 34\/2002, de 11 de julio, de Servicios de la Sociedad de la Informaci\u00f3n y del Comercio Electr\u00f3nico (LSSI-CE), se informa de los datos identificativos del titular de esta p\u00e1gina web:<\/p>\n<p>Titular: Itaca Hostel BCN<br \/>\nDomicilio: Carrer de Ripoll, 21, 08002 Barcelona, Espa\u00f1a<br \/>\nTel\u00e9fono: +34 933 01 97 51<br \/>\nCorreo electr\u00f3nico: pilimili@itacahostel.com<br \/>\nP\u00e1gina web: www.itacahostel.com<br \/>\nCondiciones de Uso<br \/>\nEl acceso y uso de este sitio web atribuye la condici\u00f3n de usuario, implicando su aceptaci\u00f3n plena y sin reservas de las presentes condiciones de uso. El titular se reserva el derecho de modificar en cualquier momento y sin necesidad de previo aviso la presentaci\u00f3n, configuraci\u00f3n y contenidos del sitio web, as\u00ed como las condiciones necesarias para su uso. <\/p>\n<p>Propiedad Intelectual e Industrial<br \/>\nTodos los derechos de propiedad intelectual e industrial sobre los contenidos del sitio web (incluidos, entre otros, textos, im\u00e1genes, dise\u00f1o gr\u00e1fico, c\u00f3digo fuente, logos, marcas, nombres comerciales, etc.) est\u00e1n reservados y protegidos por la legislaci\u00f3n espa\u00f1ola e internacional. Queda prohibida su reproducci\u00f3n, distribuci\u00f3n, comunicaci\u00f3n p\u00fablica y transformaci\u00f3n sin la autorizaci\u00f3n expresa del titular. <\/p>\n<p>Protecci\u00f3n de Datos Personales<br \/>\nEl titular garantiza el cumplimiento de la normativa vigente en materia de protecci\u00f3n de datos personales, conforme al Reglamento General de Protecci\u00f3n de Datos (RGPD) y la Ley Org\u00e1nica 3\/2018, de 5 de diciembre, de Protecci\u00f3n de Datos y Garant\u00eda de los Derechos Digitales (LOPDGDD). Para m\u00e1s informaci\u00f3n sobre el tratamiento de datos personales, consulte nuestra Pol\u00edtica de Privacidad. <\/p>\n<p>Responsabilidad y Enlaces<br \/>\nEl titular no se responsabiliza de los da\u00f1os o perjuicios derivados del uso de este sitio web ni de los errores u omisiones en sus contenidos. Asimismo, no se hace responsable del contenido de sitios externos enlazados desde esta p\u00e1gina web. <\/p>\n<p>Jurisdicci\u00f3n y Legislaci\u00f3n Aplicable<br \/>\nLas presentes condiciones de uso se rigen por la legislaci\u00f3n espa\u00f1ola. Cualquier controversia que pudiera derivarse del acceso o uso de este sitio web ser\u00e1 sometida a la jurisdicci\u00f3n de los juzgados y tribunales de Barcelona, Espa\u00f1a. <\/p>\n","protected":false},"excerpt":{"rendered":"<p>AVISO LEGAL Titular de la Web De conformidad con lo dispuesto en el art\u00edculo 10 de la Ley 34\/2002, de [&hellip;]<\/p>\n","protected":false},"author":2,"featured_media":0,"parent":0,"menu_order":0,"comment_status":"closed","ping_status":"closed","template":"","meta":{"footnotes":""},"class_list":["post-147092","page","type-page","status-publish","hentry"],"yoast_head":"<!-- This site is optimized with the Yoast SEO plugin v24.6 - https:\/\/yoast.com\/wordpress\/plugins\/seo\/ -->\n<title>Aviso legal - Itaca Hostel<\/title>\n<meta name=\"robots\" content=\"noindex, nofollow\" \/>\n<meta property=\"og:locale\" content=\"ca_ES\" \/>\n<meta property=\"og:type\" content=\"article\" \/>\n<meta property=\"og:title\" content=\"Aviso legal - Itaca Hostel\" \/>\n<meta property=\"og:description\" content=\"AVISO LEGAL Titular de la Web De conformidad con lo dispuesto en el art\u00edculo 10 de la Ley 34\/2002, de [&hellip;]\" \/>\n<meta property=\"og:url\" content=\"https:\/\/itacahostel.com\/ca\/aviso-legal\/\" \/>\n<meta property=\"og:site_name\" content=\"Itaca Hostel\" \/>\n<meta property=\"article:publisher\" content=\"https:\/\/www.facebook.com\/itacahostel\/\" \/>\n<meta name=\"twitter:card\" content=\"summary_large_image\" \/>\n<meta name=\"twitter:label1\" content=\"Temps estimat de lectura\" \/>\n\t<meta name=\"twitter:data1\" content=\"2 minuts\" \/>\n<script type=\"application\/ld+json\" class=\"yoast-schema-graph\">{\"@context\":\"https:\/\/schema.org\",\"@graph\":[{\"@type\":\"WebPage\",\"@id\":\"https:\/\/itacahostel.com\/ca\/aviso-legal\/\",\"url\":\"https:\/\/itacahostel.com\/ca\/aviso-legal\/\",\"name\":\"Aviso legal - Itaca Hostel\",\"isPartOf\":{\"@id\":\"https:\/\/itacahostel.com\/ca\/#website\"},\"datePublished\":\"2024-12-04T11:30:23+00:00\",\"breadcrumb\":{\"@id\":\"https:\/\/itacahostel.com\/ca\/aviso-legal\/#breadcrumb\"},\"inLanguage\":\"ca\",\"potentialAction\":[{\"@type\":\"ReadAction\",\"target\":[\"https:\/\/itacahostel.com\/ca\/aviso-legal\/\"]}]},{\"@type\":\"BreadcrumbList\",\"@id\":\"https:\/\/itacahostel.com\/ca\/aviso-legal\/#breadcrumb\",\"itemListElement\":[{\"@type\":\"ListItem\",\"position\":1,\"name\":\"Portada\",\"item\":\"https:\/\/itacahostel.com\/ca\/\"},{\"@type\":\"ListItem\",\"position\":2,\"name\":\"Aviso legal\"}]},{\"@type\":\"WebSite\",\"@id\":\"https:\/\/itacahostel.com\/ca\/#website\",\"url\":\"https:\/\/itacahostel.com\/ca\/\",\"name\":\"Itaca Hostel\",\"description\":\"Barcelona Hostel\",\"publisher\":{\"@id\":\"https:\/\/itacahostel.com\/ca\/#organization\"},\"potentialAction\":[{\"@type\":\"SearchAction\",\"target\":{\"@type\":\"EntryPoint\",\"urlTemplate\":\"https:\/\/itacahostel.com\/ca\/?s={search_term_string}\"},\"query-input\":{\"@type\":\"PropertyValueSpecification\",\"valueRequired\":true,\"valueName\":\"search_term_string\"}}],\"inLanguage\":\"ca\"},{\"@type\":\"Organization\",\"@id\":\"https:\/\/itacahostel.com\/ca\/#organization\",\"name\":\"Itaca Hostel\",\"url\":\"https:\/\/itacahostel.com\/ca\/\",\"logo\":{\"@type\":\"ImageObject\",\"inLanguage\":\"ca\",\"@id\":\"https:\/\/itacahostel.com\/ca\/#\/schema\/logo\/image\/\",\"url\":\"https:\/\/itacahostel.com\/wp-content\/uploads\/2024\/11\/logo-iteca-hostel.png\",\"contentUrl\":\"https:\/\/itacahostel.com\/wp-content\/uploads\/2024\/11\/logo-iteca-hostel.png\",\"width\":300,\"height\":192,\"caption\":\"Itaca Hostel\"},\"image\":{\"@id\":\"https:\/\/itacahostel.com\/ca\/#\/schema\/logo\/image\/\"},\"sameAs\":[\"https:\/\/www.facebook.com\/itacahostel\/\",\"https:\/\/www.instagram.com\/itacahostel\/\"]}]}<\/script>\n<!-- \/ Yoast SEO plugin. -->","yoast_head_json":{"title":"Aviso legal - Itaca Hostel","robots":{"index":"noindex","follow":"nofollow"},"og_locale":"ca_ES","og_type":"article","og_title":"Aviso legal - Itaca Hostel","og_description":"AVISO LEGAL Titular de la Web De conformidad con lo dispuesto en el art\u00edculo 10 de la Ley 34\/2002, de [&hellip;]","og_url":"https:\/\/itacahostel.com\/ca\/aviso-legal\/","og_site_name":"Itaca Hostel","article_publisher":"https:\/\/www.facebook.com\/itacahostel\/","twitter_card":"summary_large_image","twitter_misc":{"Temps estimat de lectura":"2 minuts"},"schema":{"@context":"https:\/\/schema.org","@graph":[{"@type":"WebPage","@id":"https:\/\/itacahostel.com\/ca\/aviso-legal\/","url":"https:\/\/itacahostel.com\/ca\/aviso-legal\/","name":"Aviso legal - Itaca Hostel","isPartOf":{"@id":"https:\/\/itacahostel.com\/ca\/#website"},"datePublished":"2024-12-04T11:30:23+00:00","breadcrumb":{"@id":"https:\/\/itacahostel.com\/ca\/aviso-legal\/#breadcrumb"},"inLanguage":"ca","potentialAction":[{"@type":"ReadAction","target":["https:\/\/itacahostel.com\/ca\/aviso-legal\/"]}]},{"@type":"BreadcrumbList","@id":"https:\/\/itacahostel.com\/ca\/aviso-legal\/#breadcrumb","itemListElement":[{"@type":"ListItem","position":1,"name":"Portada","item":"https:\/\/itacahostel.com\/ca\/"},{"@type":"ListItem","position":2,"name":"Aviso legal"}]},{"@type":"WebSite","@id":"https:\/\/itacahostel.com\/ca\/#website","url":"https:\/\/itacahostel.com\/ca\/","name":"Itaca Hostel","description":"Barcelona Hostel","publisher":{"@id":"https:\/\/itacahostel.com\/ca\/#organization"},"potentialAction":[{"@type":"SearchAction","target":{"@type":"EntryPoint","urlTemplate":"https:\/\/itacahostel.com\/ca\/?s={search_term_string}"},"query-input":{"@type":"PropertyValueSpecification","valueRequired":true,"valueName":"search_term_string"}}],"inLanguage":"ca"},{"@type":"Organization","@id":"https:\/\/itacahostel.com\/ca\/#organization","name":"Itaca Hostel","url":"https:\/\/itacahostel.com\/ca\/","logo":{"@type":"ImageObject","inLanguage":"ca","@id":"https:\/\/itacahostel.com\/ca\/#\/schema\/logo\/image\/","url":"https:\/\/itacahostel.com\/wp-content\/uploads\/2024\/11\/logo-iteca-hostel.png","contentUrl":"https:\/\/itacahostel.com\/wp-content\/uploads\/2024\/11\/logo-iteca-hostel.png","width":300,"height":192,"caption":"Itaca Hostel"},"image":{"@id":"https:\/\/itacahostel.com\/ca\/#\/schema\/logo\/image\/"},"sameAs":["https:\/\/www.facebook.com\/itacahostel\/","https:\/\/www.instagram.com\/itacahostel\/"]}]}},"_links":{"self":[{"href":"https:\/\/itacahostel.com\/ca\/wp-json\/wp\/v2\/pages\/147092","targetHints":{"allow":["GET"]}}],"collection":[{"href":"https:\/\/itacahostel.com\/ca\/wp-json\/wp\/v2\/pages"}],"about":[{"href":"https:\/\/itacahostel.com\/ca\/wp-json\/wp\/v2\/types\/page"}],"author":[{"embeddable":true,"href":"https:\/\/itacahostel.com\/ca\/wp-json\/wp\/v2\/users\/2"}],"replies":[{"embeddable":true,"href":"https:\/\/itacahostel.com\/ca\/wp-json\/wp\/v2\/comments?post=147092"}],"version-history":[{"count":0,"href":"https:\/\/itacahostel.com\/ca\/wp-json\/wp\/v2\/pages\/147092\/revisions"}],"wp:attachment":[{"href":"https:\/\/itacahostel.com\/ca\/wp-json\/wp\/v2\/media?parent=147092"}],"curies":[{"name":"wp","href":"https:\/\/api.w.org\/{rel}","templated":true}]}}