{"id":147089,"date":"2024-11-20T11:28:34","date_gmt":"2024-11-20T11:28:34","guid":{"rendered":"https:\/\/itacahostel.com\/accesibilidad\/"},"modified":"2024-11-20T11:28:34","modified_gmt":"2024-11-20T11:28:34","slug":"accesibilidad","status":"publish","type":"page","link":"https:\/\/itacahostel.com\/ca\/accesibilidad\/","title":{"rendered":"Accesibilidad"},"content":{"rendered":"<p>La web itacahostel.com propiedad de Itaca Hostels, se compromete a que el sitio web mencionado sea accesible conforme al Real Decreto 1112\/2018, de 7 de septiembre, sobre accesibilidad de los sitios web y aplicaciones para dispositivos m\u00f3viles del sector p\u00fablico.<\/p>\n<p>La presente declaraci\u00f3n de accesibilidad se aplica al sitio web itacahostel.com<\/p>\n<p><strong>SITUACI\u00d3N DE CUMPLIMIENTO<\/strong><\/p>\n<p>Este sitio web es parcialmente conforme con el RD 1112\/2018 debido a las excepciones y a la falta de conformidad de los aspectos que se indican en el siguiente punto.<\/p>\n<p><strong>CONTENIDO NO ACCESIBLE<\/strong><\/p>\n<p>A continuaci\u00f3n se informa del contenido que no es accesible seg\u00fan la norma <strong>RD 1112\/2018<\/strong><\/p>\n<ol>\n<li>En algunos Formularios el Campo de Entrada que recopila Informaci\u00f3n sobre el Usuario no tiene identificado el prop\u00f3sito [Requisito N\u00famero 9.1.3.5 de la Norma UNE-EN 301549:2021-03 Identificaci\u00f3n del Prop\u00f3sito de Entrada].<\/li>\n<li>En algunas P\u00e1ginas los componentes de Interfaz de usuario como elementos de Formulario, Enlaces y componentes generados por Script no siguen la estructura recomendada por las pautas de Accesibilidad [Requisito N\u00famero 9.4.1.2 de la Norma UNE-EN 301549:2021-03 Nombre, Funci\u00f3n, Valor].<\/li>\n<li>De manera puntual podr\u00edan existir algunas im\u00e1genes no est\u00e1n Etiquetadas o tienen una Alternativa Textual Gen\u00e9rica [Requisito N\u00famero 10.1.1.1 de la Norma UNE-EN 301549:2021-03 Contenido no Textual].<\/li>\n<li>En algunas P\u00e1ginas algunos elementos no tienen el foco del Teclado [Requisito N\u00famero 9.2.1.1 de la Norma UNE-EN 301549:2021-03 Teclado].<\/li>\n<li>De manera puntual en alg\u00fan Formulario se podr\u00eda producir alg\u00fan cambio de contexto autom\u00e1tico sin advertir al Usuario. [Requisito N\u00famero 9.3.3.2 de la Norma UNE-EN 301549:2021-03 Etiquetas e Instrucciones].<\/li>\n<\/ol>\n<p>Contenido que no entra dentro del \u00c1mbito de la Legislaci\u00f3n aplicable:<\/p>\n<p>Podr\u00edan existir archivos ofim\u00e1ticos en PDF u otros formatos que no cumplan en sus totalidad todos los requisitos de accesibilidad.<\/p>\n<p>&nbsp;<\/p>\n<p><strong>PREPARACI\u00d3N DE LA PRESENSTE DECLARACI\u00d3N DE ACCESIBILIDAD<\/strong><\/p>\n<p>&nbsp;<\/p>\n<p>La presente declaraci\u00f3n fue preparada el 5 de diciembre de 2023.<\/p>\n<p>El m\u00e9todo empleado para preparar la declaraci\u00f3n ha sido una autoevaluaci\u00f3n llevada a cabo por la empresa desarrolladora de la plataforma web (Grupo On Market S.L).<\/p>\n<p><strong>OBSERVACIONES Y DATOS DE CONTACTO<\/strong><\/p>\n<p>Puede realizar comunicaciones sobre requisitos de accesibilidad (articulo 10.2.a del RD 1112\/2018) como por ejemplo:<\/p>\n<ul>\n<li>Informar sobre cualquier posible incumplimiento por parte de este sitio web<\/li>\n<li>Transmitir otras dificultades de acceso al contenido<\/li>\n<li>Formular cualquier otra consulta o sugerencia de mejora relativa a la accesibilidad del sitio web<\/li>\n<\/ul>\n<p>A trav\u00e9s del formulario de contacto de este sitio web.<\/p>\n<p>Puede presentar:<\/p>\n<ul>\n<li>Queja relativa al cumplimiento de los requisitos del RD 1112\/2018 o<\/li>\n<li>Solicitud de Informaci\u00f3n accesible relativa a:<\/li>\n<\/ul>\n<p>\u2013 Contenidos que est\u00e1n excluidos del \u00e1mbito de aplicaci\u00f3n del RD 1112\/2018 seg\u00fan lo establecido por el art\u00edculo 3, apartado 4<\/p>\n<p>\u2013 Contenidos que est\u00e1n exentos del cumplimiento de los requisitos de accesibilidad por imponer una carga desproporcionada.<\/p>\n<p>En la Solicitud de informaci\u00f3n accesible, se debe concretar, con toda claridad, los hechos, razones y petici\u00f3n que permitan constatar que se trata de una solicitud razonable y leg\u00edtima.<\/p>\n<p>Las quejas y reclamaciones sobre informaci\u00f3n accesible se realizar\u00e1n a trav\u00e9s de mail, contestando a los mensajes recibidos a trav\u00e9s de el formulario.<\/p>\n<p><strong>CONTENIDO OPCIONAL<\/strong><\/p>\n<p>Este portal esta dise\u00f1ado para poder cambiar el tama\u00f1o del texto y el color, as\u00ed como el fondo de la pagina mediante las opciones de configuraci\u00f3n est\u00e1ndar de los navegadores.<\/p>\n<p>Si desea cambiar el tama\u00f1o de letra del texto en los principales navegadores gr\u00e1ficos utilice los siguientes men\u00fas:<\/p>\n<ul>\n<li>Internet Explorer, Mozilla y Firefox: Ver &gt; Tama\u00f1o del texto<\/li>\n<li>Opera: Ver &gt; Zoom<\/li>\n<li>Safari: Ver &gt; Hacer el texto mas grande<\/li>\n<li>Chrome: Controla la pagina actual &gt; Tama\u00f1o del texto<\/li>\n<\/ul>\n<p>Para modificar el tama\u00f1o de todo en la pagina:<\/p>\n<ul>\n<li>Ctrl + + para aumentarlo<\/li>\n<li>Ctrl + \u2013 para disminuirlo<\/li>\n<li>Ctrl + 0 restaura el tama\u00f1o original del texto<\/li>\n<\/ul>\n<p>Si lo que quiere es anular la hoja de estilos o modificar el color del texto, puede consultar la pagina How to Change Text Size or Colors de la WAI, que se puede leer traducida al espa\u00f1ol en \u00bfC\u00f3mo cambiar el tama\u00f1o del texto o colores?<\/p>\n","protected":false},"excerpt":{"rendered":"<p>La web itacahostel.com propiedad de Itaca Hostels, se compromete a que el sitio web mencionado sea accesible conforme al Real [&hellip;]<\/p>\n","protected":false},"author":2,"featured_media":0,"parent":0,"menu_order":0,"comment_status":"closed","ping_status":"closed","template":"","meta":{"footnotes":""},"class_list":["post-147089","page","type-page","status-publish","hentry"],"yoast_head":"<!-- This site is optimized with the Yoast SEO plugin v24.6 - https:\/\/yoast.com\/wordpress\/plugins\/seo\/ -->\n<title>Accesibilidad - Itaca Hostel<\/title>\n<meta name=\"robots\" content=\"index, follow, max-snippet:-1, max-image-preview:large, max-video-preview:-1\" \/>\n<link rel=\"canonical\" href=\"https:\/\/itacahostel.com\/ca\/accesibilidad\/\" \/>\n<meta property=\"og:locale\" content=\"ca_ES\" \/>\n<meta property=\"og:type\" content=\"article\" \/>\n<meta property=\"og:title\" content=\"Accesibilidad - Itaca Hostel\" \/>\n<meta property=\"og:description\" content=\"La web itacahostel.com propiedad de Itaca Hostels, se compromete a que el sitio web mencionado sea accesible conforme al Real [&hellip;]\" \/>\n<meta property=\"og:url\" content=\"https:\/\/itacahostel.com\/ca\/accesibilidad\/\" \/>\n<meta property=\"og:site_name\" content=\"Itaca Hostel\" \/>\n<meta property=\"article:publisher\" content=\"https:\/\/www.facebook.com\/itacahostel\/\" \/>\n<meta name=\"twitter:card\" content=\"summary_large_image\" \/>\n<meta name=\"twitter:label1\" content=\"Temps estimat de lectura\" \/>\n\t<meta name=\"twitter:data1\" content=\"3 minuts\" \/>\n<script type=\"application\/ld+json\" class=\"yoast-schema-graph\">{\"@context\":\"https:\/\/schema.org\",\"@graph\":[{\"@type\":\"WebPage\",\"@id\":\"https:\/\/itacahostel.com\/ca\/accesibilidad\/\",\"url\":\"https:\/\/itacahostel.com\/ca\/accesibilidad\/\",\"name\":\"Accesibilidad - Itaca Hostel\",\"isPartOf\":{\"@id\":\"https:\/\/itacahostel.com\/ca\/#website\"},\"datePublished\":\"2024-11-20T11:28:34+00:00\",\"breadcrumb\":{\"@id\":\"https:\/\/itacahostel.com\/ca\/accesibilidad\/#breadcrumb\"},\"inLanguage\":\"ca\",\"potentialAction\":[{\"@type\":\"ReadAction\",\"target\":[\"https:\/\/itacahostel.com\/ca\/accesibilidad\/\"]}]},{\"@type\":\"BreadcrumbList\",\"@id\":\"https:\/\/itacahostel.com\/ca\/accesibilidad\/#breadcrumb\",\"itemListElement\":[{\"@type\":\"ListItem\",\"position\":1,\"name\":\"Portada\",\"item\":\"https:\/\/itacahostel.com\/ca\/\"},{\"@type\":\"ListItem\",\"position\":2,\"name\":\"Accesibilidad\"}]},{\"@type\":\"WebSite\",\"@id\":\"https:\/\/itacahostel.com\/ca\/#website\",\"url\":\"https:\/\/itacahostel.com\/ca\/\",\"name\":\"Itaca Hostel\",\"description\":\"Barcelona Hostel\",\"publisher\":{\"@id\":\"https:\/\/itacahostel.com\/ca\/#organization\"},\"potentialAction\":[{\"@type\":\"SearchAction\",\"target\":{\"@type\":\"EntryPoint\",\"urlTemplate\":\"https:\/\/itacahostel.com\/ca\/?s={search_term_string}\"},\"query-input\":{\"@type\":\"PropertyValueSpecification\",\"valueRequired\":true,\"valueName\":\"search_term_string\"}}],\"inLanguage\":\"ca\"},{\"@type\":\"Organization\",\"@id\":\"https:\/\/itacahostel.com\/ca\/#organization\",\"name\":\"Itaca Hostel\",\"url\":\"https:\/\/itacahostel.com\/ca\/\",\"logo\":{\"@type\":\"ImageObject\",\"inLanguage\":\"ca\",\"@id\":\"https:\/\/itacahostel.com\/ca\/#\/schema\/logo\/image\/\",\"url\":\"https:\/\/itacahostel.com\/wp-content\/uploads\/2024\/11\/logo-iteca-hostel.png\",\"contentUrl\":\"https:\/\/itacahostel.com\/wp-content\/uploads\/2024\/11\/logo-iteca-hostel.png\",\"width\":300,\"height\":192,\"caption\":\"Itaca Hostel\"},\"image\":{\"@id\":\"https:\/\/itacahostel.com\/ca\/#\/schema\/logo\/image\/\"},\"sameAs\":[\"https:\/\/www.facebook.com\/itacahostel\/\",\"https:\/\/www.instagram.com\/itacahostel\/\"]}]}<\/script>\n<!-- \/ Yoast SEO plugin. -->","yoast_head_json":{"title":"Accesibilidad - Itaca Hostel","robots":{"index":"index","follow":"follow","max-snippet":"max-snippet:-1","max-image-preview":"max-image-preview:large","max-video-preview":"max-video-preview:-1"},"canonical":"https:\/\/itacahostel.com\/ca\/accesibilidad\/","og_locale":"ca_ES","og_type":"article","og_title":"Accesibilidad - Itaca Hostel","og_description":"La web itacahostel.com propiedad de Itaca Hostels, se compromete a que el sitio web mencionado sea accesible conforme al Real [&hellip;]","og_url":"https:\/\/itacahostel.com\/ca\/accesibilidad\/","og_site_name":"Itaca Hostel","article_publisher":"https:\/\/www.facebook.com\/itacahostel\/","twitter_card":"summary_large_image","twitter_misc":{"Temps estimat de lectura":"3 minuts"},"schema":{"@context":"https:\/\/schema.org","@graph":[{"@type":"WebPage","@id":"https:\/\/itacahostel.com\/ca\/accesibilidad\/","url":"https:\/\/itacahostel.com\/ca\/accesibilidad\/","name":"Accesibilidad - Itaca Hostel","isPartOf":{"@id":"https:\/\/itacahostel.com\/ca\/#website"},"datePublished":"2024-11-20T11:28:34+00:00","breadcrumb":{"@id":"https:\/\/itacahostel.com\/ca\/accesibilidad\/#breadcrumb"},"inLanguage":"ca","potentialAction":[{"@type":"ReadAction","target":["https:\/\/itacahostel.com\/ca\/accesibilidad\/"]}]},{"@type":"BreadcrumbList","@id":"https:\/\/itacahostel.com\/ca\/accesibilidad\/#breadcrumb","itemListElement":[{"@type":"ListItem","position":1,"name":"Portada","item":"https:\/\/itacahostel.com\/ca\/"},{"@type":"ListItem","position":2,"name":"Accesibilidad"}]},{"@type":"WebSite","@id":"https:\/\/itacahostel.com\/ca\/#website","url":"https:\/\/itacahostel.com\/ca\/","name":"Itaca Hostel","description":"Barcelona Hostel","publisher":{"@id":"https:\/\/itacahostel.com\/ca\/#organization"},"potentialAction":[{"@type":"SearchAction","target":{"@type":"EntryPoint","urlTemplate":"https:\/\/itacahostel.com\/ca\/?s={search_term_string}"},"query-input":{"@type":"PropertyValueSpecification","valueRequired":true,"valueName":"search_term_string"}}],"inLanguage":"ca"},{"@type":"Organization","@id":"https:\/\/itacahostel.com\/ca\/#organization","name":"Itaca Hostel","url":"https:\/\/itacahostel.com\/ca\/","logo":{"@type":"ImageObject","inLanguage":"ca","@id":"https:\/\/itacahostel.com\/ca\/#\/schema\/logo\/image\/","url":"https:\/\/itacahostel.com\/wp-content\/uploads\/2024\/11\/logo-iteca-hostel.png","contentUrl":"https:\/\/itacahostel.com\/wp-content\/uploads\/2024\/11\/logo-iteca-hostel.png","width":300,"height":192,"caption":"Itaca Hostel"},"image":{"@id":"https:\/\/itacahostel.com\/ca\/#\/schema\/logo\/image\/"},"sameAs":["https:\/\/www.facebook.com\/itacahostel\/","https:\/\/www.instagram.com\/itacahostel\/"]}]}},"_links":{"self":[{"href":"https:\/\/itacahostel.com\/ca\/wp-json\/wp\/v2\/pages\/147089","targetHints":{"allow":["GET"]}}],"collection":[{"href":"https:\/\/itacahostel.com\/ca\/wp-json\/wp\/v2\/pages"}],"about":[{"href":"https:\/\/itacahostel.com\/ca\/wp-json\/wp\/v2\/types\/page"}],"author":[{"embeddable":true,"href":"https:\/\/itacahostel.com\/ca\/wp-json\/wp\/v2\/users\/2"}],"replies":[{"embeddable":true,"href":"https:\/\/itacahostel.com\/ca\/wp-json\/wp\/v2\/comments?post=147089"}],"version-history":[{"count":0,"href":"https:\/\/itacahostel.com\/ca\/wp-json\/wp\/v2\/pages\/147089\/revisions"}],"wp:attachment":[{"href":"https:\/\/itacahostel.com\/ca\/wp-json\/wp\/v2\/media?parent=147089"}],"curies":[{"name":"wp","href":"https:\/\/api.w.org\/{rel}","templated":true}]}}