{"id":147023,"date":"2024-12-04T11:48:48","date_gmt":"2024-12-04T11:48:48","guid":{"rendered":"https:\/\/itacahostel.com\/habitacio-green\/"},"modified":"2025-05-12T06:07:04","modified_gmt":"2025-05-12T06:07:04","slug":"habitacio-green","status":"publish","type":"page","link":"https:\/\/itacahostel.com\/ca\/allotjaments\/habitacions-compartides\/habitacio-green\/","title":{"rendered":"Habitaci\u00f3 green"},"content":{"rendered":"<div class=\"wpb-content-wrapper\"><p>[vc_row row_height_percent=&#8221;55&#8243; override_padding=&#8221;yes&#8221; h_padding=&#8221;2&#8243; top_padding=&#8221;4&#8243; bottom_padding=&#8221;4&#8243; back_color=&#8221;color-xsdn&#8221; back_image=&#8221;146311&#8243; back_position=&#8221;center top&#8221; overlay_alpha=&#8221;26&#8243; gutter_size=&#8221;3&#8243; column_width_percent=&#8221;100&#8243; shift_y=&#8221;0&#8243; z_index=&#8221;0&#8243; enable_bottom_divider=&#8221;default&#8221; bottom_divider=&#8221;gradient&#8221; shape_bottom_h_use_pixel=&#8221;true&#8221; shape_bottom_height_percent=&#8221;100&#8243; shape_bottom_color=&#8221;accent&#8221; shape_bottom_opacity=&#8221;33&#8243; shape_bottom_index=&#8221;0&#8243; content_parallax=&#8221;0&#8243; uncode_shortcode_id=&#8221;702876&#8243; back_color_type=&#8221;uncode-palette&#8221; overlay_color_type=&#8221;uncode-solid&#8221; shape_bottom_color_type=&#8221;uncode-palette&#8221; overlay_color_solid=&#8221;#41ba00&#8243;][vc_column column_width_percent=&#8221;100&#8243; position_vertical=&#8221;bottom&#8221; gutter_size=&#8221;3&#8243; style=&#8221;dark&#8221; overlay_alpha=&#8221;50&#8243; shift_x=&#8221;0&#8243; shift_y=&#8221;0&#8243; shift_y_down=&#8221;0&#8243; z_index=&#8221;0&#8243; align_medium=&#8221;align_center_tablet&#8221; medium_width=&#8221;0&#8243; align_mobile=&#8221;align_center_mobile&#8221; mobile_width=&#8221;0&#8243; zoom_width=&#8221;0&#8243; zoom_height=&#8221;0&#8243; width=&#8221;1\/1&#8243; uncode_shortcode_id=&#8221;204303&#8243;][vc_custom_heading heading_semantic=&#8221;h1&#8243; text_size=&#8221;fontsize-210105&#8243; text_height=&#8221;fontheight-179065&#8243; sub_reduced=&#8221;yes&#8221; text_uppercase=&#8221;&#8221; uncode_shortcode_id=&#8221;182922&#8243;]Habitaci\u00f3<br \/><span style=\"color: #04d404\"><strong>GREEN<\/strong><\/span>[\/vc_custom_heading][\/vc_column][\/vc_row][vc_row row_height_percent=&#8221;0&#8243; override_padding=&#8221;yes&#8221; h_padding=&#8221;2&#8243; top_padding=&#8221;2&#8243; bottom_padding=&#8221;2&#8243; overlay_alpha=&#8221;80&#8243; gutter_size=&#8221;3&#8243; column_width_percent=&#8221;100&#8243; shift_y=&#8221;0&#8243; z_index=&#8221;0&#8243; content_parallax=&#8221;0&#8243; uncode_shortcode_id=&#8221;127930&#8243;][vc_column column_width_percent=&#8221;100&#8243; position_vertical=&#8221;middle&#8221; gutter_size=&#8221;0&#8243; style=&#8221;light&#8221; overlay_alpha=&#8221;50&#8243; shift_x=&#8221;0&#8243; shift_y=&#8221;0&#8243; shift_y_down=&#8221;0&#8243; z_index=&#8221;0&#8243; medium_width=&#8221;0&#8243; mobile_width=&#8221;0&#8243; css_animation=&#8221;bottom-t-top&#8221; animation_speed=&#8221;1500&#8243; animation_delay=&#8221;100&#8243; width=&#8221;1\/3&#8243; uncode_shortcode_id=&#8221;254002&#8243;][vc_row_inner row_inner_height_percent=&#8221;0&#8243; overlay_alpha=&#8221;50&#8243; equal_height=&#8221;yes&#8221; gutter_size=&#8221;4&#8243; shift_y=&#8221;0&#8243; z_index=&#8221;0&#8243; medium_visibility=&#8221;yes&#8221; mobile_visibility=&#8221;yes&#8221; limit_content=&#8221;&#8221; uncode_shortcode_id=&#8221;879949&#8243; css=&#8221;.vc_custom_1732119531270{padding-right: 40px !important;padding-left: 40px !important;}&#8221;][vc_column_inner column_width_percent=&#8221;100&#8243; gutter_size=&#8221;2&#8243; style=&#8221;light&#8221; overlay_alpha=&#8221;50&#8243; shift_x=&#8221;0&#8243; shift_y=&#8221;0&#8243; shift_y_down=&#8221;0&#8243; z_index=&#8221;0&#8243; medium_width=&#8221;0&#8243; mobile_width=&#8221;7&#8243; width=&#8221;1\/6&#8243; uncode_shortcode_id=&#8221;176930&#8243;][vc_icon display=&#8221;inline&#8221; icon=&#8221;fa fa-music&#8221; icon_image=&#8221;145483&#8243; icon_color=&#8221;color-lxmt&#8221; background_style=&#8221;fa-rounded&#8221; media_size=&#8221;70&#8243; text_size=&#8221;h5&#8243; text_height=&#8221;fontheight-179065&#8243; text_reduced=&#8221;yes&#8221; title=&#8221;Ordinadors i zona wifi&#8221; uncode_shortcode_id=&#8221;358642&#8243; icon_color_type=&#8221;uncode-palette&#8221;][\/vc_icon][\/vc_column_inner][vc_column_inner column_width_percent=&#8221;100&#8243; gutter_size=&#8221;2&#8243; style=&#8221;light&#8221; overlay_alpha=&#8221;10&#8243; shift_x=&#8221;0&#8243; shift_y=&#8221;0&#8243; shift_y_down=&#8221;0&#8243; z_index=&#8221;0&#8243; medium_width=&#8221;0&#8243; mobile_width=&#8221;7&#8243; width=&#8221;1\/6&#8243; uncode_shortcode_id=&#8221;181774&#8243;][vc_icon display=&#8221;inline&#8221; icon_image=&#8221;145486&#8243; icon_color=&#8221;color-lxmt&#8221; background_style=&#8221;fa-rounded&#8221; media_size=&#8221;70&#8243; text_size=&#8221;h5&#8243; text_height=&#8221;fontheight-179065&#8243; title=&#8221;Informaci\u00f3 i mapes&#8221; uncode_shortcode_id=&#8221;210010&#8243; icon_color_type=&#8221;uncode-palette&#8221;][\/vc_icon][\/vc_column_inner][vc_column_inner column_width_percent=&#8221;100&#8243; gutter_size=&#8221;1&#8243; style=&#8221;light&#8221; overlay_alpha=&#8221;50&#8243; shift_x=&#8221;0&#8243; shift_y=&#8221;0&#8243; shift_y_down=&#8221;0&#8243; z_index=&#8221;0&#8243; medium_width=&#8221;0&#8243; mobile_width=&#8221;7&#8243; width=&#8221;1\/6&#8243; uncode_shortcode_id=&#8221;848081&#8243;][vc_icon display=&#8221;inline&#8221; icon_image=&#8221;145489&#8243; icon_color=&#8221;color-lxmt&#8221; background_style=&#8221;fa-rounded&#8221; media_size=&#8221;70&#8243; text_size=&#8221;h5&#8243; text_height=&#8221;fontheight-179065&#8243; title=&#8221;Servei de bar&#8221; uncode_shortcode_id=&#8221;105165&#8243; icon_color_type=&#8221;uncode-palette&#8221;][\/vc_icon][\/vc_column_inner][vc_column_inner column_width_percent=&#8221;100&#8243; gutter_size=&#8221;2&#8243; style=&#8221;light&#8221; overlay_alpha=&#8221;50&#8243; shift_x=&#8221;0&#8243; shift_y=&#8221;0&#8243; shift_y_down=&#8221;0&#8243; z_index=&#8221;0&#8243; medium_width=&#8221;0&#8243; mobile_width=&#8221;7&#8243; width=&#8221;1\/6&#8243; uncode_shortcode_id=&#8221;219029&#8243;][vc_icon display=&#8221;inline&#8221; icon_image=&#8221;145492&#8243; icon_color=&#8221;color-lxmt&#8221; background_style=&#8221;fa-rounded&#8221; media_size=&#8221;70&#8243; text_size=&#8221;h5&#8243; text_height=&#8221;fontheight-179065&#8243; title=&#8221;Zones comunes&#8221; uncode_shortcode_id=&#8221;149492&#8243; icon_color_type=&#8221;uncode-palette&#8221;][\/vc_icon][\/vc_column_inner][vc_column_inner column_width_percent=&#8221;100&#8243; gutter_size=&#8221;3&#8243; style=&#8221;light&#8221; overlay_alpha=&#8221;50&#8243; shift_x=&#8221;0&#8243; shift_y=&#8221;0&#8243; shift_y_down=&#8221;0&#8243; z_index=&#8221;0&#8243; medium_width=&#8221;0&#8243; mobile_width=&#8221;0&#8243; width=&#8221;1\/6&#8243; uncode_shortcode_id=&#8221;182703&#8243;][vc_icon display=&#8221;inline&#8221; icon=&#8221;fa fa-layers2&#8243; icon_image=&#8221;145487&#8243; icon_color=&#8221;color-lxmt&#8221; background_style=&#8221;fa-rounded&#8221; media_size=&#8221;70&#8243; text_size=&#8221;h5&#8243; text_height=&#8221;fontheight-179065&#8243; title=&#8221;Cuina completa i ben equipada&#8221; uncode_shortcode_id=&#8221;120880&#8243; icon_color_type=&#8221;uncode-palette&#8221;][\/vc_icon][\/vc_column_inner][vc_column_inner column_width_percent=&#8221;100&#8243; gutter_size=&#8221;3&#8243; style=&#8221;light&#8221; overlay_alpha=&#8221;50&#8243; shift_x=&#8221;0&#8243; shift_y=&#8221;0&#8243; shift_y_down=&#8221;0&#8243; z_index=&#8221;0&#8243; medium_width=&#8221;0&#8243; mobile_width=&#8221;0&#8243; width=&#8221;1\/6&#8243; uncode_shortcode_id=&#8221;199503&#8243;][vc_icon display=&#8221;inline&#8221; icon=&#8221;fa fa-layers2&#8243; icon_image=&#8221;145482&#8243; icon_color=&#8221;color-lxmt&#8221; background_style=&#8221;fa-rounded&#8221; media_size=&#8221;70&#8243; text_size=&#8221;h5&#8243; text_height=&#8221;fontheight-179065&#8243; title=&#8221;Obert 24h&#8221; uncode_shortcode_id=&#8221;196891&#8243; icon_color_type=&#8221;uncode-palette&#8221;][\/vc_icon][\/vc_column_inner][\/vc_row_inner][vc_row_inner row_inner_height_percent=&#8221;0&#8243; overlay_alpha=&#8221;50&#8243; gutter_size=&#8221;3&#8243; shift_y=&#8221;0&#8243; z_index=&#8221;0&#8243; desktop_visibility=&#8221;yes&#8221; limit_content=&#8221;&#8221; uncode_shortcode_id=&#8221;597944&#8243;][vc_column_inner width=&#8221;1\/1&#8243;][vc_gallery el_id=&#8221;gallery-689797&#8243; type=&#8221;css_grid&#8221; medias=&#8221;145483,145486,145489,145492,145487,145482&#8243; grid_items=&#8221;6&#8243; screen_lg_items=&#8221;6&#8243; screen_lg_breakpoint=&#8221;1000&#8243; screen_md_items=&#8221;6&#8243; screen_md_breakpoint=&#8221;600&#8243; screen_sm_items=&#8221;3&#8243; screen_sm_breakpoint=&#8221;480&#8243; gutter_size=&#8221;3&#8243; media_items=&#8221;media|lightbox|original,title&#8221; single_text=&#8221;under&#8221; single_overlay_opacity=&#8221;50&#8243; single_overlay_anim=&#8221;no&#8221; single_h_align=&#8221;center&#8221; single_v_position=&#8221;top&#8221; single_padding=&#8221;0&#8243; single_text_reduced=&#8221;yes&#8221; single_border=&#8221;yes&#8221; uncode_shortcode_id=&#8221;704633&#8243;][\/vc_column_inner][\/vc_row_inner][\/vc_column][\/vc_row][vc_row row_height_percent=&#8221;0&#8243; override_padding=&#8221;yes&#8221; h_padding=&#8221;2&#8243; top_padding=&#8221;1&#8243; bottom_padding=&#8221;1&#8243; back_color=&#8221;accent&#8221; overlay_alpha=&#8221;50&#8243; gutter_size=&#8221;3&#8243; column_width_percent=&#8221;100&#8243; shift_y=&#8221;0&#8243; z_index=&#8221;0&#8243; content_parallax=&#8221;0&#8243; uncode_shortcode_id=&#8221;122834&#8243; back_color_type=&#8221;uncode-palette&#8221;][vc_column column_width_percent=&#8221;100&#8243; position_vertical=&#8221;middle&#8221; gutter_size=&#8221;3&#8243; style=&#8221;dark&#8221; overlay_alpha=&#8221;50&#8243; shift_x=&#8221;0&#8243; shift_y=&#8221;0&#8243; shift_y_down=&#8221;0&#8243; z_index=&#8221;0&#8243; medium_width=&#8221;0&#8243; mobile_width=&#8221;0&#8243; width=&#8221;1\/1&#8243; uncode_shortcode_id=&#8221;143371&#8243;][vc_custom_heading heading_semantic=&#8221;h6&#8243; text_size=&#8221;custom&#8221; text_weight=&#8221;400&#8243; css_animation=&#8221;marquee&#8221; marquee_clone=&#8221;yes&#8221; marquee_space=&#8221;3&#8243; marquee_speed=&#8221;-2&#8243; uncode_shortcode_id=&#8221;110501&#8243; heading_custom_size=&#8221;clamp(14px, 3vw, 20px)&#8221;]El mejor precio <strong><a href=\"https:\/\/itacahostel.com\/reservas\/\" rel=\"noopener\">AQUI<\/a><\/strong>, directo con nosotros[\/vc_custom_heading][\/vc_column][\/vc_row][vc_row row_height_percent=&#8221;0&#8243; override_padding=&#8221;yes&#8221; h_padding=&#8221;5&#8243; top_padding=&#8221;5&#8243; bottom_padding=&#8221;5&#8243; back_color=&#8221;color-lxmt&#8221; overlay_alpha=&#8221;50&#8243; equal_height=&#8221;justify&#8221; gutter_size=&#8221;3&#8243; column_width_use_pixel=&#8221;yes&#8221; shift_y=&#8221;0&#8243; z_index=&#8221;0&#8243; content_parallax=&#8221;0&#8243; uncode_shortcode_id=&#8221;107433&#8243; back_color_type=&#8221;uncode-palette&#8221; column_width_pixel=&#8221;1400&#8243;][vc_column column_width_percent=&#8221;100&#8243; gutter_size=&#8221;3&#8243; overlay_alpha=&#8221;50&#8243; shift_x=&#8221;0&#8243; shift_y=&#8221;0&#8243; shift_y_down=&#8221;0&#8243; z_index=&#8221;0&#8243; medium_width=&#8221;4&#8243; mobile_width=&#8221;0&#8243; width=&#8221;1\/4&#8243; uncode_shortcode_id=&#8221;130322&#8243;][vc_single_image media=&#8221;146299&#8243; media_width_percent=&#8221;100&#8243; shape=&#8221;img-round&#8221; radius=&#8221;hg&#8221; uncode_shortcode_id=&#8221;194207&#8243;][vc_row_inner row_inner_height_percent=&#8221;100&#8243; overlay_alpha=&#8221;50&#8243; gutter_size=&#8221;3&#8243; shift_y=&#8221;0&#8243; z_index=&#8221;0&#8243; limit_content=&#8221;&#8221; uncode_shortcode_id=&#8221;121501&#8243;][vc_column_inner column_width_percent=&#8221;100&#8243; position_vertical=&#8221;justify&#8221; gutter_size=&#8221;3&#8243; back_color=&#8221;color-lxmt&#8221; overlay_alpha=&#8221;50&#8243; radius=&#8221;hg&#8221; shift_x=&#8221;0&#8243; shift_y=&#8221;0&#8243; shift_y_down=&#8221;0&#8243; z_index=&#8221;0&#8243; medium_width=&#8221;0&#8243; mobile_width=&#8221;0&#8243; width=&#8221;1\/1&#8243; uncode_shortcode_id=&#8221;107601&#8243; back_color_type=&#8221;uncode-palette&#8221;][\/vc_column_inner][\/vc_row_inner][\/vc_column][vc_column column_width_percent=&#8221;100&#8243; gutter_size=&#8221;3&#8243; overlay_alpha=&#8221;50&#8243; shift_x=&#8221;0&#8243; shift_y=&#8221;0&#8243; shift_y_down=&#8221;0&#8243; z_index=&#8221;0&#8243; medium_width=&#8221;4&#8243; mobile_width=&#8221;0&#8243; width=&#8221;1\/4&#8243; uncode_shortcode_id=&#8221;109621&#8243;][vc_row_inner row_inner_height_percent=&#8221;100&#8243; overlay_alpha=&#8221;50&#8243; gutter_size=&#8221;3&#8243; shift_y=&#8221;0&#8243; z_index=&#8221;0&#8243; limit_content=&#8221;&#8221; uncode_shortcode_id=&#8221;108187&#8243;][vc_column_inner column_width_percent=&#8221;100&#8243; position_vertical=&#8221;middle&#8221; gutter_size=&#8221;2&#8243; back_color=&#8221;color-lxmt&#8221; overlay_alpha=&#8221;50&#8243; radius=&#8221;hg&#8221; shift_x=&#8221;0&#8243; shift_y=&#8221;0&#8243; shift_y_down=&#8221;0&#8243; z_index=&#8221;0&#8243; medium_width=&#8221;0&#8243; mobile_width=&#8221;0&#8243; width=&#8221;1\/1&#8243; uncode_shortcode_id=&#8221;996023&#8243; back_color_type=&#8221;uncode-palette&#8221;][vc_custom_heading heading_semantic=&#8221;h6&#8243; text_size=&#8221;h5&#8243; text_weight=&#8221;400&#8243; uncode_shortcode_id=&#8221;184854&#8243;]La nostra habitaci\u00f3 GREEN \u00e9s una habitaci\u00f3 amb 8 llits, dividida en dues parts que la fan m\u00e9s \u00edntima, cada part t\u00e9 4 llits i una finestra.[\/vc_custom_heading][vc_custom_heading heading_semantic=&#8221;h6&#8243; text_size=&#8221;h5&#8243; text_weight=&#8221;400&#8243; uncode_shortcode_id=&#8221;583786&#8243;]\u00c9s la preferida per a petits grups de tres o quatre persones que viatgen juntes.[\/vc_custom_heading][vc_custom_heading heading_semantic=&#8221;h6&#8243; text_size=&#8221;h5&#8243; text_weight=&#8221;400&#8243; uncode_shortcode_id=&#8221;127892&#8243;]Com a la resta dels dormitoris, cada llit disposa d&#8217;una llum de lectura i una capseta per deixar les teves coses a prop teu. Les taquilles s\u00f3n grans i tancades amb clau i disposen tamb\u00e9 d&#8217;endolls per carregar els dispositius amb seguretat. Calefacci\u00f3 central a lhivern i grans ventiladors de sostre per a lestiu.[\/vc_custom_heading][\/vc_column_inner][\/vc_row_inner][vc_single_image media=&#8221;146303&#8243; media_width_percent=&#8221;100&#8243; media_ratio=&#8221;one-one&#8221; shape=&#8221;img-round&#8221; radius=&#8221;hg&#8221; uncode_shortcode_id=&#8221;191617&#8243;][\/vc_column][\/vc_row][vc_row row_height_percent=&#8221;0&#8243; override_padding=&#8221;yes&#8221; h_padding=&#8221;2&#8243; top_padding=&#8221;4&#8243; bottom_padding=&#8221;4&#8243; overlay_alpha=&#8221;50&#8243; gutter_size=&#8221;3&#8243; column_width_percent=&#8221;100&#8243; shift_y=&#8221;0&#8243; z_index=&#8221;0&#8243; content_parallax=&#8221;0&#8243; uncode_shortcode_id=&#8221;123482&#8243;][vc_column][vc_gallery el_id=&#8221;gallery-660474&#8243; medias=&#8221;146299,146303&#8243; gutter_size=&#8221;3&#8243; screen_lg=&#8221;1000&#8243; screen_md=&#8221;600&#8243; screen_sm=&#8221;480&#8243; single_shape=&#8221;round&#8221; radius=&#8221;hg&#8221; single_overlay_color=&#8221;accent&#8221; single_overlay_opacity=&#8221;50&#8243; single_h_align=&#8221;center&#8221; single_padding=&#8221;2&#8243; single_text_lead=&#8221;yes&#8221; single_icon=&#8221;fa fa-plus2&#8243; uncode_shortcode_id=&#8221;678397&#8243;][\/vc_column][\/vc_row]<\/p>\n<\/div>","protected":false},"excerpt":{"rendered":"<p>[vc_row row_height_percent=&#8221;55&#8243; override_padding=&#8221;yes&#8221; h_padding=&#8221;2&#8243; top_padding=&#8221;4&#8243; bottom_padding=&#8221;4&#8243; back_color=&#8221;color-xsdn&#8221; back_image=&#8221;146311&#8243; back_position=&#8221;center top&#8221; overlay_alpha=&#8221;26&#8243; gutter_size=&#8221;3&#8243; column_width_percent=&#8221;100&#8243; shift_y=&#8221;0&#8243; z_index=&#8221;0&#8243; enable_bottom_divider=&#8221;default&#8221; bottom_divider=&#8221;gradient&#8221; shape_bottom_h_use_pixel=&#8221;true&#8221; shape_bottom_height_percent=&#8221;100&#8243; shape_bottom_color=&#8221;accent&#8221; [&hellip;]<\/p>\n","protected":false},"author":2,"featured_media":0,"parent":147041,"menu_order":0,"comment_status":"closed","ping_status":"closed","template":"","meta":{"footnotes":""},"class_list":["post-147023","page","type-page","status-publish","hentry"],"yoast_head":"<!-- This site is optimized with the Yoast SEO plugin v24.6 - https:\/\/yoast.com\/wordpress\/plugins\/seo\/ -->\n<title>Habitaci\u00f3 green - Itaca Hostel<\/title>\n<meta name=\"robots\" content=\"index, follow, max-snippet:-1, max-image-preview:large, max-video-preview:-1\" \/>\n<link rel=\"canonical\" href=\"https:\/\/itacahostel.com\/ca\/allotjaments\/habitacions-compartides\/habitacio-green\/\" \/>\n<meta property=\"og:locale\" content=\"ca_ES\" \/>\n<meta property=\"og:type\" content=\"article\" \/>\n<meta property=\"og:title\" content=\"Habitaci\u00f3 green - Itaca Hostel\" \/>\n<meta property=\"og:description\" content=\"[vc_row row_height_percent=&#8221;55&#8243; override_padding=&#8221;yes&#8221; h_padding=&#8221;2&#8243; top_padding=&#8221;4&#8243; bottom_padding=&#8221;4&#8243; back_color=&#8221;color-xsdn&#8221; back_image=&#8221;146311&#8243; back_position=&#8221;center top&#8221; overlay_alpha=&#8221;26&#8243; gutter_size=&#8221;3&#8243; column_width_percent=&#8221;100&#8243; shift_y=&#8221;0&#8243; z_index=&#8221;0&#8243; enable_bottom_divider=&#8221;default&#8221; bottom_divider=&#8221;gradient&#8221; shape_bottom_h_use_pixel=&#8221;true&#8221; shape_bottom_height_percent=&#8221;100&#8243; shape_bottom_color=&#8221;accent&#8221; [&hellip;]\" \/>\n<meta property=\"og:url\" content=\"https:\/\/itacahostel.com\/ca\/allotjaments\/habitacions-compartides\/habitacio-green\/\" \/>\n<meta property=\"og:site_name\" content=\"Itaca Hostel\" \/>\n<meta property=\"article:publisher\" content=\"https:\/\/www.facebook.com\/itacahostel\/\" \/>\n<meta property=\"article:modified_time\" content=\"2025-05-12T06:07:04+00:00\" \/>\n<meta name=\"twitter:card\" content=\"summary_large_image\" \/>\n<meta name=\"twitter:label1\" content=\"Temps estimat de lectura\" \/>\n\t<meta name=\"twitter:data1\" content=\"7 minuts\" \/>\n<script type=\"application\/ld+json\" class=\"yoast-schema-graph\">{\"@context\":\"https:\/\/schema.org\",\"@graph\":[{\"@type\":\"WebPage\",\"@id\":\"https:\/\/itacahostel.com\/ca\/allotjaments\/habitacions-compartides\/habitacio-green\/\",\"url\":\"https:\/\/itacahostel.com\/ca\/allotjaments\/habitacions-compartides\/habitacio-green\/\",\"name\":\"Habitaci\u00f3 green - Itaca Hostel\",\"isPartOf\":{\"@id\":\"https:\/\/itacahostel.com\/ca\/#website\"},\"datePublished\":\"2024-12-04T11:48:48+00:00\",\"dateModified\":\"2025-05-12T06:07:04+00:00\",\"breadcrumb\":{\"@id\":\"https:\/\/itacahostel.com\/ca\/allotjaments\/habitacions-compartides\/habitacio-green\/#breadcrumb\"},\"inLanguage\":\"ca\",\"potentialAction\":[{\"@type\":\"ReadAction\",\"target\":[\"https:\/\/itacahostel.com\/ca\/allotjaments\/habitacions-compartides\/habitacio-green\/\"]}]},{\"@type\":\"BreadcrumbList\",\"@id\":\"https:\/\/itacahostel.com\/ca\/allotjaments\/habitacions-compartides\/habitacio-green\/#breadcrumb\",\"itemListElement\":[{\"@type\":\"ListItem\",\"position\":1,\"name\":\"Portada\",\"item\":\"https:\/\/itacahostel.com\/ca\/\"},{\"@type\":\"ListItem\",\"position\":2,\"name\":\"Allotjament\",\"item\":\"https:\/\/itacahostel.com\/ca\/allotjaments\/\"},{\"@type\":\"ListItem\",\"position\":3,\"name\":\"Habitacions compartides\",\"item\":\"https:\/\/itacahostel.com\/ca\/allotjaments\/habitacions-compartides\/\"},{\"@type\":\"ListItem\",\"position\":4,\"name\":\"Habitaci\u00f3 green\"}]},{\"@type\":\"WebSite\",\"@id\":\"https:\/\/itacahostel.com\/ca\/#website\",\"url\":\"https:\/\/itacahostel.com\/ca\/\",\"name\":\"Itaca Hostel\",\"description\":\"Barcelona Hostel\",\"publisher\":{\"@id\":\"https:\/\/itacahostel.com\/ca\/#organization\"},\"potentialAction\":[{\"@type\":\"SearchAction\",\"target\":{\"@type\":\"EntryPoint\",\"urlTemplate\":\"https:\/\/itacahostel.com\/ca\/?s={search_term_string}\"},\"query-input\":{\"@type\":\"PropertyValueSpecification\",\"valueRequired\":true,\"valueName\":\"search_term_string\"}}],\"inLanguage\":\"ca\"},{\"@type\":\"Organization\",\"@id\":\"https:\/\/itacahostel.com\/ca\/#organization\",\"name\":\"Itaca Hostel\",\"url\":\"https:\/\/itacahostel.com\/ca\/\",\"logo\":{\"@type\":\"ImageObject\",\"inLanguage\":\"ca\",\"@id\":\"https:\/\/itacahostel.com\/ca\/#\/schema\/logo\/image\/\",\"url\":\"https:\/\/itacahostel.com\/wp-content\/uploads\/2024\/11\/logo-iteca-hostel.png\",\"contentUrl\":\"https:\/\/itacahostel.com\/wp-content\/uploads\/2024\/11\/logo-iteca-hostel.png\",\"width\":300,\"height\":192,\"caption\":\"Itaca Hostel\"},\"image\":{\"@id\":\"https:\/\/itacahostel.com\/ca\/#\/schema\/logo\/image\/\"},\"sameAs\":[\"https:\/\/www.facebook.com\/itacahostel\/\",\"https:\/\/www.instagram.com\/itacahostel\/\"]}]}<\/script>\n<!-- \/ Yoast SEO plugin. -->","yoast_head_json":{"title":"Habitaci\u00f3 green - Itaca Hostel","robots":{"index":"index","follow":"follow","max-snippet":"max-snippet:-1","max-image-preview":"max-image-preview:large","max-video-preview":"max-video-preview:-1"},"canonical":"https:\/\/itacahostel.com\/ca\/allotjaments\/habitacions-compartides\/habitacio-green\/","og_locale":"ca_ES","og_type":"article","og_title":"Habitaci\u00f3 green - Itaca Hostel","og_description":"[vc_row row_height_percent=&#8221;55&#8243; override_padding=&#8221;yes&#8221; h_padding=&#8221;2&#8243; top_padding=&#8221;4&#8243; bottom_padding=&#8221;4&#8243; back_color=&#8221;color-xsdn&#8221; back_image=&#8221;146311&#8243; back_position=&#8221;center top&#8221; overlay_alpha=&#8221;26&#8243; gutter_size=&#8221;3&#8243; column_width_percent=&#8221;100&#8243; shift_y=&#8221;0&#8243; z_index=&#8221;0&#8243; enable_bottom_divider=&#8221;default&#8221; bottom_divider=&#8221;gradient&#8221; shape_bottom_h_use_pixel=&#8221;true&#8221; shape_bottom_height_percent=&#8221;100&#8243; shape_bottom_color=&#8221;accent&#8221; [&hellip;]","og_url":"https:\/\/itacahostel.com\/ca\/allotjaments\/habitacions-compartides\/habitacio-green\/","og_site_name":"Itaca Hostel","article_publisher":"https:\/\/www.facebook.com\/itacahostel\/","article_modified_time":"2025-05-12T06:07:04+00:00","twitter_card":"summary_large_image","twitter_misc":{"Temps estimat de lectura":"7 minuts"},"schema":{"@context":"https:\/\/schema.org","@graph":[{"@type":"WebPage","@id":"https:\/\/itacahostel.com\/ca\/allotjaments\/habitacions-compartides\/habitacio-green\/","url":"https:\/\/itacahostel.com\/ca\/allotjaments\/habitacions-compartides\/habitacio-green\/","name":"Habitaci\u00f3 green - Itaca Hostel","isPartOf":{"@id":"https:\/\/itacahostel.com\/ca\/#website"},"datePublished":"2024-12-04T11:48:48+00:00","dateModified":"2025-05-12T06:07:04+00:00","breadcrumb":{"@id":"https:\/\/itacahostel.com\/ca\/allotjaments\/habitacions-compartides\/habitacio-green\/#breadcrumb"},"inLanguage":"ca","potentialAction":[{"@type":"ReadAction","target":["https:\/\/itacahostel.com\/ca\/allotjaments\/habitacions-compartides\/habitacio-green\/"]}]},{"@type":"BreadcrumbList","@id":"https:\/\/itacahostel.com\/ca\/allotjaments\/habitacions-compartides\/habitacio-green\/#breadcrumb","itemListElement":[{"@type":"ListItem","position":1,"name":"Portada","item":"https:\/\/itacahostel.com\/ca\/"},{"@type":"ListItem","position":2,"name":"Allotjament","item":"https:\/\/itacahostel.com\/ca\/allotjaments\/"},{"@type":"ListItem","position":3,"name":"Habitacions compartides","item":"https:\/\/itacahostel.com\/ca\/allotjaments\/habitacions-compartides\/"},{"@type":"ListItem","position":4,"name":"Habitaci\u00f3 green"}]},{"@type":"WebSite","@id":"https:\/\/itacahostel.com\/ca\/#website","url":"https:\/\/itacahostel.com\/ca\/","name":"Itaca Hostel","description":"Barcelona Hostel","publisher":{"@id":"https:\/\/itacahostel.com\/ca\/#organization"},"potentialAction":[{"@type":"SearchAction","target":{"@type":"EntryPoint","urlTemplate":"https:\/\/itacahostel.com\/ca\/?s={search_term_string}"},"query-input":{"@type":"PropertyValueSpecification","valueRequired":true,"valueName":"search_term_string"}}],"inLanguage":"ca"},{"@type":"Organization","@id":"https:\/\/itacahostel.com\/ca\/#organization","name":"Itaca Hostel","url":"https:\/\/itacahostel.com\/ca\/","logo":{"@type":"ImageObject","inLanguage":"ca","@id":"https:\/\/itacahostel.com\/ca\/#\/schema\/logo\/image\/","url":"https:\/\/itacahostel.com\/wp-content\/uploads\/2024\/11\/logo-iteca-hostel.png","contentUrl":"https:\/\/itacahostel.com\/wp-content\/uploads\/2024\/11\/logo-iteca-hostel.png","width":300,"height":192,"caption":"Itaca Hostel"},"image":{"@id":"https:\/\/itacahostel.com\/ca\/#\/schema\/logo\/image\/"},"sameAs":["https:\/\/www.facebook.com\/itacahostel\/","https:\/\/www.instagram.com\/itacahostel\/"]}]}},"_links":{"self":[{"href":"https:\/\/itacahostel.com\/ca\/wp-json\/wp\/v2\/pages\/147023","targetHints":{"allow":["GET"]}}],"collection":[{"href":"https:\/\/itacahostel.com\/ca\/wp-json\/wp\/v2\/pages"}],"about":[{"href":"https:\/\/itacahostel.com\/ca\/wp-json\/wp\/v2\/types\/page"}],"author":[{"embeddable":true,"href":"https:\/\/itacahostel.com\/ca\/wp-json\/wp\/v2\/users\/2"}],"replies":[{"embeddable":true,"href":"https:\/\/itacahostel.com\/ca\/wp-json\/wp\/v2\/comments?post=147023"}],"version-history":[{"count":4,"href":"https:\/\/itacahostel.com\/ca\/wp-json\/wp\/v2\/pages\/147023\/revisions"}],"predecessor-version":[{"id":150179,"href":"https:\/\/itacahostel.com\/ca\/wp-json\/wp\/v2\/pages\/147023\/revisions\/150179"}],"up":[{"embeddable":true,"href":"https:\/\/itacahostel.com\/ca\/wp-json\/wp\/v2\/pages\/147041"}],"wp:attachment":[{"href":"https:\/\/itacahostel.com\/ca\/wp-json\/wp\/v2\/media?parent=147023"}],"curies":[{"name":"wp","href":"https:\/\/api.w.org\/{rel}","templated":true}]}}