{"id":147008,"date":"2024-11-07T16:20:32","date_gmt":"2024-11-07T16:20:32","guid":{"rendered":"https:\/\/itacahostel.com\/itaca\/"},"modified":"2025-05-19T11:04:34","modified_gmt":"2025-05-19T11:04:34","slug":"sobre-nosaltres","status":"publish","type":"page","link":"https:\/\/itacahostel.com\/ca\/sobre-nosaltres\/","title":{"rendered":"Itaca"},"content":{"rendered":"<div class=\"wpb-content-wrapper\"><p>[vc_row row_height_percent=&#8221;55&#8243; override_padding=&#8221;yes&#8221; h_padding=&#8221;2&#8243; top_padding=&#8221;4&#8243; bottom_padding=&#8221;4&#8243; back_color=&#8221;color-xsdn&#8221; back_image=&#8221;145461&#8243; back_position=&#8221;center center&#8221; overlay_color=&#8221;accent&#8221; overlay_alpha=&#8221;9&#8243; gutter_size=&#8221;3&#8243; column_width_percent=&#8221;100&#8243; shift_y=&#8221;0&#8243; z_index=&#8221;0&#8243; enable_bottom_divider=&#8221;default&#8221; bottom_divider=&#8221;gradient&#8221; shape_bottom_h_use_pixel=&#8221;true&#8221; shape_bottom_height_percent=&#8221;100&#8243; shape_bottom_color=&#8221;accent&#8221; shape_bottom_opacity=&#8221;50&#8243; shape_bottom_index=&#8221;0&#8243; content_parallax=&#8221;0&#8243; uncode_shortcode_id=&#8221;912626&#8243; back_color_type=&#8221;uncode-palette&#8221; overlay_color_type=&#8221;uncode-palette&#8221; shape_bottom_color_type=&#8221;uncode-palette&#8221;][vc_column column_width_percent=&#8221;100&#8243; position_vertical=&#8221;bottom&#8221; gutter_size=&#8221;3&#8243; style=&#8221;dark&#8221; overlay_alpha=&#8221;41&#8243; shift_x=&#8221;0&#8243; shift_y=&#8221;0&#8243; shift_y_down=&#8221;0&#8243; z_index=&#8221;0&#8243; medium_width=&#8221;0&#8243; mobile_width=&#8221;0&#8243; zoom_width=&#8221;0&#8243; zoom_height=&#8221;0&#8243; width=&#8221;1\/1&#8243; uncode_shortcode_id=&#8221;750869&#8243;][vc_custom_heading heading_semantic=&#8221;h1&#8243; text_size=&#8221;fontsize-210105&#8243; text_height=&#8221;fontheight-179065&#8243; sub_reduced=&#8221;yes&#8221; text_uppercase=&#8221;&#8221; uncode_shortcode_id=&#8221;194890&#8243;]El cor de l&#8217;hostal:<br \/> un equip que et rep<br \/> amb entusiasme.[\/vc_custom_heading][\/vc_column][\/vc_row][vc_row unlock_row=&#8221;&#8221; row_height_percent=&#8221;0&#8243; override_padding=&#8221;yes&#8221; h_padding=&#8221;2&#8243; top_padding=&#8221;4&#8243; bottom_padding=&#8221;2&#8243; overlay_alpha=&#8221;50&#8243; equal_height=&#8221;yes&#8221; gutter_size=&#8221;0&#8243; column_width_percent=&#8221;100&#8243; shift_y=&#8221;0&#8243; z_index=&#8221;0&#8243; content_parallax=&#8221;0&#8243; uncode_shortcode_id=&#8221;234309&#8243;][vc_column column_width_percent=&#8221;100&#8243; position_vertical=&#8221;middle&#8221; gutter_size=&#8221;2&#8243; override_padding=&#8221;yes&#8221; column_padding=&#8221;3&#8243; style=&#8221;dark&#8221; back_color=&#8221;color-854957&#8243; overlay_alpha=&#8221;50&#8243; radius=&#8221;hg&#8221; shift_x=&#8221;0&#8243; shift_y=&#8221;0&#8243; shift_y_down=&#8221;0&#8243; z_index=&#8221;0&#8243; medium_width=&#8221;0&#8243; mobile_width=&#8221;0&#8243; width=&#8221;1\/2&#8243; uncode_shortcode_id=&#8221;122081&#8243; back_color_type=&#8221;uncode-palette&#8221;][vc_custom_heading text_color=&#8221;color-xsdn&#8221; heading_semantic=&#8221;h6&#8243; text_size=&#8221;h6&#8243; text_transform=&#8221;uppercase&#8221; badge_style=&#8221;yes&#8221; back_color=&#8221;accent&#8221; uncode_shortcode_id=&#8221;567729&#8243; back_color_type=&#8221;uncode-palette&#8221; text_color_type=&#8221;uncode-palette&#8221;]Qui som[\/vc_custom_heading][vc_custom_heading heading_semantic=&#8221;h3&#8243; text_size=&#8221;fontsize-155944&#8243; text_height=&#8221;fontheight-179065&#8243; text_space=&#8221;fontspace-111509&#8243; uncode_shortcode_id=&#8221;872253&#8243;]Els or\u00edgens<br \/>d&#8217;Itaca Hostel[\/vc_custom_heading][vc_custom_heading heading_semantic=&#8221;h4&#8243; text_size=&#8221;h4&#8243; text_weight=&#8221;400&#8243; text_height=&#8221;fontheight-357766&#8243; uncode_shortcode_id=&#8221;838182&#8243;]Cris i Nuria, inspirades en els nostres viatges, vam obrir Itaca Hostel a l&#8217;agost de 2001 amb la intenci\u00f3 de reunir el que m\u00e9s ens va agradar dels llocs que vam anar coneixent arreu del m\u00f3n. Tot aix\u00f2 amb la immensa i incondicional ajuda de tots els amics i familiars que es van bolcar per ajudar durant 4 mesos de reformes. Hem de dir que sense ells aix\u00f2 no hagu\u00e9s estat possible.[\/vc_custom_heading][vc_custom_heading heading_semantic=&#8221;h4&#8243; text_size=&#8221;h3&#8243; text_weight=&#8221;400&#8243; text_height=&#8221;fontheight-357766&#8243; text_italic=&#8221;yes&#8221; uncode_shortcode_id=&#8221;126536&#8243;]SEMPRE MOLTES GR\u00c0CIES![\/vc_custom_heading][vc_custom_heading heading_semantic=&#8221;h4&#8243; text_size=&#8221;h4&#8243; text_weight=&#8221;400&#8243; text_height=&#8221;fontheight-357766&#8243; uncode_shortcode_id=&#8221;184739&#8243;]Vam aconseguir transformar unes antigues oficines d\u2019un edifici molt c\u00e8ntric en un alberg c\u00f2mode, agradable, alegre i tranquil; pensat per a tots els viatgers: motxillers, parelles, fam\u00edlies, etc.[\/vc_custom_heading][vc_custom_heading heading_semantic=&#8221;h4&#8243; text_size=&#8221;h4&#8243; text_weight=&#8221;400&#8243; text_height=&#8221;fontheight-357766&#8243; uncode_shortcode_id=&#8221;835927&#8243;]Un lloc on poder descobrir la ciutat i la cultura al teu propi ritme.[\/vc_custom_heading][\/vc_column][vc_column column_width_percent=&#8221;100&#8243; position_vertical=&#8221;middle&#8221; gutter_size=&#8221;0&#8243; override_padding=&#8221;yes&#8221; column_padding=&#8221;2&#8243; style=&#8221;light&#8221; overlay_alpha=&#8221;50&#8243; shift_x=&#8221;0&#8243; shift_y=&#8221;0&#8243; shift_y_down=&#8221;0&#8243; z_index=&#8221;0&#8243; medium_width=&#8221;0&#8243; mobile_width=&#8221;0&#8243; width=&#8221;1\/2&#8243; uncode_shortcode_id=&#8221;303870&#8243;][vc_single_image media=&#8221;146832&#8243; media_width_percent=&#8221;100&#8243; media_ratio=&#8221;sixteen-nine&#8221; alignment=&#8221;center&#8221; shape=&#8221;img-round&#8221; radius=&#8221;hg&#8221; uncode_shortcode_id=&#8221;135700&#8243;][vc_empty_space empty_h=&#8221;2&#8243;][vc_row_inner limit_content=&#8221;&#8221;][vc_column_inner column_width_percent=&#8221;100&#8243; align_horizontal=&#8221;align_center&#8221; gutter_size=&#8221;3&#8243; override_padding=&#8221;yes&#8221; column_padding=&#8221;2&#8243; style=&#8221;dark&#8221; back_color=&#8221;color-152883&#8243; overlay_alpha=&#8221;50&#8243; radius=&#8221;hg&#8221; shift_x=&#8221;0&#8243; shift_y=&#8221;0&#8243; shift_y_down=&#8221;0&#8243; z_index=&#8221;0&#8243; medium_width=&#8221;0&#8243; mobile_width=&#8221;0&#8243; width=&#8221;1\/1&#8243; uncode_shortcode_id=&#8221;211248&#8243; back_color_type=&#8221;uncode-palette&#8221;][vc_custom_heading text_size=&#8221;fontsize-160962&#8243; text_height=&#8221;fontheight-179065&#8243; text_space=&#8221;fontspace-111509&#8243; uncode_shortcode_id=&#8221;207045&#8243;]El nom d&#8217;Itaca[\/vc_custom_heading][vc_column_text text_lead=&#8221;small&#8221; uncode_shortcode_id=&#8221;132280&#8243;]Quan surts per fer el viatge amb rumb a \u00cdtaca, s&#8217;ha de pregar perqu\u00e8 el cam\u00ed sigui llarg, ple d\u2019aventures, ple de coneixences.<\/p>\n<p>Que siguin moltes matinades que entrar\u00e0s en un port que els teus ulls ignoraven i vagis a ciutats per aprendre dels que saben.<\/p>\n<p>Que portis sempre al cor la idea d\u2019\u00cdtaca. Has d\u2019arribar-hi, \u00e9s el teu dest\u00ed, per\u00f2 no forcis la travessia. \u00c9s preferible que duri molts anys, que siguis vell quan fondegis l\u2019illa.  <\/p>\n<p>Ric de tot el que haur\u00e0s guanyat fent el cam\u00ed, sense esperar que et doni m\u00e9s riqueses. \u00cdtaca t\u2019ha brindat un bon viatge, sense ella no haguessis sortit. <\/p>\n<p>si la trobes pobra, no \u00e9s que \u00cdtaca t\u2019hagi enganyat. Savi com b\u00e9 t\u2019has fet, sabr\u00e0s el que volen dir les \u00cdtaques. <\/p>\n<p style=\"text-align: right;\">Poesia del segle XX de Kavafis,<br \/> versionada per Carles Riba i Lluis Llach[\/vc_column_text][\/vc_column_inner][\/vc_row_inner][\/vc_column][\/vc_row][vc_row unlock_row_content=&#8221;yes&#8221; row_height_percent=&#8221;0&#8243; override_padding=&#8221;yes&#8221; h_padding=&#8221;3&#8243; top_padding=&#8221;5&#8243; bottom_padding=&#8221;5&#8243; back_color=&#8221;accent&#8221; overlay_color=&#8221;color-lxmt&#8221; overlay_alpha=&#8221;19&#8243; gutter_size=&#8221;2&#8243; column_width_use_pixel=&#8221;yes&#8221; shift_y=&#8221;0&#8243; z_index=&#8221;0&#8243; content_parallax=&#8221;0&#8243; uncode_shortcode_id=&#8221;311312&#8243; column_width_pixel=&#8221;1700&#8243; back_color_type=&#8221;uncode-palette&#8221; overlay_color_type=&#8221;uncode-palette&#8221;][vc_column column_width_percent=&#8221;100&#8243; position_vertical=&#8221;middle&#8221; align_horizontal=&#8221;align_right&#8221; gutter_size=&#8221;3&#8243; overlay_alpha=&#8221;50&#8243; shift_x=&#8221;0&#8243; shift_y=&#8221;0&#8243; shift_y_down=&#8221;0&#8243; z_index=&#8221;0&#8243; medium_visibility=&#8221;yes&#8221; medium_width=&#8221;0&#8243; mobile_visibility=&#8221;yes&#8221; mobile_width=&#8221;0&#8243; width=&#8221;1\/4&#8243; uncode_shortcode_id=&#8221;217158&#8243;][vc_custom_heading text_color=&#8221;color-xsdn&#8221; heading_semantic=&#8221;h1&#8243; text_size=&#8221;fontsize-155944&#8243; text_weight=&#8221;700&#8243; text_height=&#8221;fontheight-179065&#8243; uncode_shortcode_id=&#8221;372398&#8243; text_color_type=&#8221;uncode-palette&#8221;]L&#8217;equip d&#8217;Itaca[\/vc_custom_heading][vc_single_image media=&#8221;145406&#8243; media_width_percent=&#8221;100&#8243; media_ratio=&#8221;one-one&#8221; shape=&#8221;img-round&#8221; radius=&#8221;hg&#8221; advanced=&#8221;yes&#8221; media_overlay_opacity=&#8221;50&#8243; media_image_color_anim=&#8221;yes&#8221; media_padding=&#8221;2&#8243; css_animation=&#8221;left-t-right&#8221; animation_delay=&#8221;200&#8243; uncode_shortcode_id=&#8221;146630&#8243;][\/vc_column][vc_column column_width_percent=&#8221;100&#8243; position_vertical=&#8221;middle&#8221; gutter_size=&#8221;2&#8243; overlay_alpha=&#8221;50&#8243; shift_x=&#8221;0&#8243; shift_y=&#8221;0&#8243; shift_y_down=&#8221;0&#8243; z_index=&#8221;0&#8243; medium_width=&#8221;7&#8243; mobile_width=&#8221;0&#8243; width=&#8221;1\/2&#8243; uncode_shortcode_id=&#8221;205378&#8243;][vc_row_inner row_inner_height_percent=&#8221;0&#8243; overlay_alpha=&#8221;50&#8243; gutter_size=&#8221;2&#8243; shift_y=&#8221;0&#8243; z_index=&#8221;0&#8243; limit_content=&#8221;&#8221; uncode_shortcode_id=&#8221;417478&#8243;][vc_column_inner column_width_percent=&#8221;100&#8243; gutter_size=&#8221;3&#8243; overlay_alpha=&#8221;50&#8243; shift_x=&#8221;0&#8243; shift_y=&#8221;0&#8243; shift_y_down=&#8221;0&#8243; z_index=&#8221;0&#8243; medium_width=&#8221;5&#8243; mobile_width=&#8221;5&#8243; width=&#8221;2\/3&#8243; uncode_shortcode_id=&#8221;180592&#8243;][vc_single_image media=&#8221;145403&#8243; media_width_percent=&#8221;100&#8243; media_ratio=&#8221;three-two&#8221; shape=&#8221;img-round&#8221; radius=&#8221;hg&#8221; advanced=&#8221;yes&#8221; media_overlay_opacity=&#8221;50&#8243; media_image_color_anim=&#8221;yes&#8221; media_padding=&#8221;2&#8243; css_animation=&#8221;left-t-right&#8221; uncode_shortcode_id=&#8221;379248&#8243;][\/vc_column_inner][vc_column_inner column_width_percent=&#8221;100&#8243; position_vertical=&#8221;bottom&#8221; gutter_size=&#8221;3&#8243; overlay_alpha=&#8221;50&#8243; shift_x=&#8221;0&#8243; shift_y=&#8221;0&#8243; shift_y_down=&#8221;0&#8243; z_index=&#8221;0&#8243; medium_width=&#8221;3&#8243; mobile_width=&#8221;3&#8243; width=&#8221;1\/3&#8243; uncode_shortcode_id=&#8221;297468&#8243;][vc_single_image media=&#8221;145404&#8243; media_width_percent=&#8221;100&#8243; media_ratio=&#8221;one-one&#8221; shape=&#8221;img-round&#8221; radius=&#8221;hg&#8221; advanced=&#8221;yes&#8221; media_overlay_opacity=&#8221;50&#8243; media_image_color_anim=&#8221;yes&#8221; media_padding=&#8221;2&#8243; css_animation=&#8221;right-t-left&#8221; animation_delay=&#8221;100&#8243; uncode_shortcode_id=&#8221;170922&#8243;][\/vc_column_inner][\/vc_row_inner][vc_row_inner row_inner_height_percent=&#8221;0&#8243; overlay_alpha=&#8221;50&#8243; gutter_size=&#8221;2&#8243; shift_y=&#8221;0&#8243; z_index=&#8221;0&#8243; limit_content=&#8221;&#8221; uncode_shortcode_id=&#8221;417478&#8243;][vc_column_inner column_width_percent=&#8221;100&#8243; gutter_size=&#8221;2&#8243; overlay_alpha=&#8221;50&#8243; shift_x=&#8221;0&#8243; shift_y=&#8221;0&#8243; shift_y_down=&#8221;0&#8243; z_index=&#8221;0&#8243; medium_width=&#8221;3&#8243; mobile_width=&#8221;3&#8243; width=&#8221;1\/3&#8243; uncode_shortcode_id=&#8221;118411&#8243;][vc_single_image media=&#8221;145408&#8243; media_width_percent=&#8221;100&#8243; media_ratio=&#8221;one-one&#8221; shape=&#8221;img-round&#8221; radius=&#8221;hg&#8221; advanced=&#8221;yes&#8221; media_overlay_opacity=&#8221;50&#8243; media_image_color_anim=&#8221;yes&#8221; media_padding=&#8221;2&#8243; css_animation=&#8221;bottom-t-top&#8221; animation_delay=&#8221;500&#8243; uncode_shortcode_id=&#8221;154945&#8243;][\/vc_column_inner][vc_column_inner column_width_percent=&#8221;100&#8243; gutter_size=&#8221;3&#8243; overlay_alpha=&#8221;50&#8243; shift_x=&#8221;0&#8243; shift_y=&#8221;0&#8243; shift_y_down=&#8221;0&#8243; z_index=&#8221;0&#8243; medium_width=&#8221;5&#8243; mobile_width=&#8221;5&#8243; width=&#8221;2\/3&#8243; uncode_shortcode_id=&#8221;255245&#8243;][vc_single_image media=&#8221;145407&#8243; media_width_percent=&#8221;100&#8243; media_ratio=&#8221;three-two&#8221; shape=&#8221;img-round&#8221; radius=&#8221;hg&#8221; advanced=&#8221;yes&#8221; media_overlay_opacity=&#8221;50&#8243; media_image_color_anim=&#8221;yes&#8221; media_padding=&#8221;2&#8243; css_animation=&#8221;bottom-t-top&#8221; animation_delay=&#8221;600&#8243; uncode_shortcode_id=&#8221;511461&#8243;][\/vc_column_inner][\/vc_row_inner][\/vc_column][vc_column column_width_percent=&#8221;100&#8243; position_vertical=&#8221;middle&#8221; gutter_size=&#8221;2&#8243; overlay_alpha=&#8221;50&#8243; shift_x=&#8221;0&#8243; shift_y=&#8221;0&#8243; shift_y_down=&#8221;0&#8243; z_index=&#8221;0&#8243; medium_visibility=&#8221;yes&#8221; medium_width=&#8221;0&#8243; mobile_visibility=&#8221;yes&#8221; mobile_width=&#8221;0&#8243; width=&#8221;1\/4&#8243; uncode_shortcode_id=&#8221;122767&#8243;][vc_single_image media=&#8221;145405&#8243; media_width_percent=&#8221;100&#8243; media_ratio=&#8221;one-one&#8221; shape=&#8221;img-round&#8221; radius=&#8221;hg&#8221; advanced=&#8221;yes&#8221; media_overlay_opacity=&#8221;50&#8243; media_image_color_anim=&#8221;yes&#8221; media_padding=&#8221;2&#8243; css_animation=&#8221;right-t-left&#8221; animation_delay=&#8221;400&#8243; uncode_shortcode_id=&#8221;201231&#8243;][\/vc_column][\/vc_row][vc_row row_height_percent=&#8221;0&#8243; override_padding=&#8221;yes&#8221; h_padding=&#8221;2&#8243; top_padding=&#8221;2&#8243; bottom_padding=&#8221;2&#8243; back_color=&#8221;accent&#8221; back_image=&#8221;145342&#8243; back_position=&#8221;center bottom&#8221; overlay_color=&#8221;accent&#8221; overlay_alpha=&#8221;92&#8243; gutter_size=&#8221;3&#8243; column_width_percent=&#8221;100&#8243; shift_y=&#8221;0&#8243; z_index=&#8221;0&#8243; desktop_visibility=&#8221;yes&#8221; medium_visibility=&#8221;yes&#8221; mobile_visibility=&#8221;yes&#8221; content_parallax=&#8221;0&#8243; uncode_shortcode_id=&#8221;953540&#8243; back_color_type=&#8221;uncode-palette&#8221; overlay_color_type=&#8221;uncode-palette&#8221; row_height_pixel=&#8221;700&#8243;][vc_column column_width_percent=&#8221;100&#8243; position_vertical=&#8221;middle&#8221; gutter_size=&#8221;2&#8243; style=&#8221;dark&#8221; overlay_alpha=&#8221;50&#8243; shift_x=&#8221;0&#8243; shift_y=&#8221;0&#8243; shift_y_down=&#8221;0&#8243; z_index=&#8221;0&#8243; medium_width=&#8221;0&#8243; mobile_width=&#8221;0&#8243; width=&#8221;1\/1&#8243; uncode_shortcode_id=&#8221;883790&#8243;][vc_icon position=&#8221;left&#8221; title_aligned_icon=&#8221;yes&#8221; icon=&#8221;fa fa-instagram&#8221; size=&#8221;fa-4x&#8221; text_size=&#8221;h4&#8243; text_height=&#8221;fontheight-179065&#8243; linked_title=&#8221;yes&#8221; text_lead=&#8221;yes&#8221; uncode_shortcode_id=&#8221;482138&#8243; title=&#8221;Descobreix les nostres activitats a Instagram&#8221; link=&#8221;url:https%3A%2F%2Fwww.instagram.com%2Fitacahostel%2F|target:_blank|&#8221;]@itacahostel[\/vc_icon][vc_row_inner limit_content=&#8221;&#8221;][vc_column_inner column_width_percent=&#8221;100&#8243; gutter_size=&#8221;3&#8243; back_color=&#8221;color-xsdn&#8221; overlay_alpha=&#8221;50&#8243; radius=&#8221;hg&#8221; shift_x=&#8221;0&#8243; shift_y=&#8221;0&#8243; shift_y_down=&#8221;0&#8243; z_index=&#8221;0&#8243; medium_width=&#8221;0&#8243; mobile_width=&#8221;0&#8243; width=&#8221;1\/1&#8243; uncode_shortcode_id=&#8221;952207&#8243; back_color_type=&#8221;uncode-palette&#8221;][vc_raw_js]JTNDc2NyaXB0JTIwc3JjJTNEJTIyaHR0cHMlM0ElMkYlMkZzdGF0aWMuZWxmc2lnaHQuY29tJTJGcGxhdGZvcm0lMkZwbGF0Zm9ybS5qcyUyMiJi TNFJTBBJT NDZGl2JTIwY2xhc3MlM0QlMjJlbGZzaWdodC1hcHAtYTYyYzIyZmYtZGYzNy00MDMxLWFiYmItMDI2NWI5ZDJmOTA2JTIyJTIwZGF0YS1lbGZza mRpdiUzRQ==[\/vc_raw_js][\/vc_column_inner][\/vc_row_inner][\/vc_column][\/vc_row]<\/p>\n<\/div>","protected":false},"excerpt":{"rendered":"<p>[vc_row row_height_percent=&#8221;55&#8243; override_padding=&#8221;yes&#8221; h_padding=&#8221;2&#8243; top_padding=&#8221;4&#8243; bottom_padding=&#8221;4&#8243; back_color=&#8221;color-xsdn&#8221; back_image=&#8221;145461&#8243; back_position=&#8221;center center&#8221; overlay_color=&#8221;accent&#8221; overlay_alpha=&#8221;9&#8243; gutter_size=&#8221;3&#8243; column_width_percent=&#8221;100&#8243; shift_y=&#8221;0&#8243; z_index=&#8221;0&#8243; enable_bottom_divider=&#8221;default&#8221; bottom_divider=&#8221;gradient&#8221; shape_bottom_h_use_pixel=&#8221;true&#8221; shape_bottom_height_percent=&#8221;100&#8243; [&hellip;]<\/p>\n","protected":false},"author":2,"featured_media":0,"parent":0,"menu_order":0,"comment_status":"closed","ping_status":"closed","template":"","meta":{"footnotes":""},"class_list":["post-147008","page","type-page","status-publish","hentry"],"yoast_head":"<!-- This site is optimized with the Yoast SEO plugin v24.6 - https:\/\/yoast.com\/wordpress\/plugins\/seo\/ -->\n<title>Sobre Nosaltres: Qui som? - Itaca Hostel<\/title>\n<meta name=\"description\" content=\"Inspirades en els nostres viatges, vam obrir Itaca Hostel al 2001, amb la intenci\u00f3 de reunir el que m\u00e9s ens va agradar dels llocs que vam anar coneixent.\" \/>\n<meta name=\"robots\" content=\"index, follow, max-snippet:-1, max-image-preview:large, max-video-preview:-1\" \/>\n<link rel=\"canonical\" href=\"https:\/\/itacahostel.com\/ca\/sobre-nosaltres\/\" \/>\n<meta property=\"og:locale\" content=\"ca_ES\" \/>\n<meta property=\"og:type\" content=\"article\" \/>\n<meta property=\"og:title\" content=\"Sobre Nosaltres: Qui som? - Itaca Hostel\" \/>\n<meta property=\"og:description\" content=\"Inspirades en els nostres viatges, vam obrir Itaca Hostel al 2001, amb la intenci\u00f3 de reunir el que m\u00e9s ens va agradar dels llocs que vam anar coneixent.\" \/>\n<meta property=\"og:url\" content=\"https:\/\/itacahostel.com\/ca\/sobre-nosaltres\/\" \/>\n<meta property=\"og:site_name\" content=\"Itaca Hostel\" \/>\n<meta property=\"article:publisher\" content=\"https:\/\/www.facebook.com\/itacahostel\/\" \/>\n<meta property=\"article:modified_time\" content=\"2025-05-19T11:04:34+00:00\" \/>\n<meta property=\"og:image\" content=\"https:\/\/itacahostel.com\/wp-content\/uploads\/2025\/02\/itaca-hostel-quienes-somos-7.jpg\" \/>\n<meta name=\"twitter:card\" content=\"summary_large_image\" \/>\n<meta name=\"twitter:title\" content=\"Sobre Nosaltres: Qui som? - Itaca Hostel\" \/>\n<meta name=\"twitter:description\" content=\"Inspirades en els nostres viatges, vam obrir Itaca Hostel al 2001, amb la intenci\u00f3 de reunir el que m\u00e9s ens va agradar dels llocs que vam anar coneixent.\" \/>\n<meta name=\"twitter:image\" content=\"https:\/\/itacahostel.com\/wp-content\/uploads\/2025\/02\/itaca-hostel-quienes-somos-7.jpg\" \/>\n<meta name=\"twitter:label1\" content=\"Temps estimat de lectura\" \/>\n\t<meta name=\"twitter:data1\" content=\"4 minuts\" \/>\n<script type=\"application\/ld+json\" class=\"yoast-schema-graph\">{\"@context\":\"https:\/\/schema.org\",\"@graph\":[{\"@type\":\"WebPage\",\"@id\":\"https:\/\/itacahostel.com\/ca\/sobre-nosaltres\/\",\"url\":\"https:\/\/itacahostel.com\/ca\/sobre-nosaltres\/\",\"name\":\"Sobre Nosaltres: Qui som? - Itaca Hostel\",\"isPartOf\":{\"@id\":\"https:\/\/itacahostel.com\/ca\/#website\"},\"datePublished\":\"2024-11-07T16:20:32+00:00\",\"dateModified\":\"2025-05-19T11:04:34+00:00\",\"description\":\"Inspirades en els nostres viatges, vam obrir Itaca Hostel al 2001, amb la intenci\u00f3 de reunir el que m\u00e9s ens va agradar dels llocs que vam anar coneixent.\",\"breadcrumb\":{\"@id\":\"https:\/\/itacahostel.com\/ca\/sobre-nosaltres\/#breadcrumb\"},\"inLanguage\":\"ca\",\"potentialAction\":[{\"@type\":\"ReadAction\",\"target\":[\"https:\/\/itacahostel.com\/ca\/sobre-nosaltres\/\"]}]},{\"@type\":\"BreadcrumbList\",\"@id\":\"https:\/\/itacahostel.com\/ca\/sobre-nosaltres\/#breadcrumb\",\"itemListElement\":[{\"@type\":\"ListItem\",\"position\":1,\"name\":\"Portada\",\"item\":\"https:\/\/itacahostel.com\/ca\/\"},{\"@type\":\"ListItem\",\"position\":2,\"name\":\"Itaca\"}]},{\"@type\":\"WebSite\",\"@id\":\"https:\/\/itacahostel.com\/ca\/#website\",\"url\":\"https:\/\/itacahostel.com\/ca\/\",\"name\":\"Itaca Hostel\",\"description\":\"Barcelona Hostel\",\"publisher\":{\"@id\":\"https:\/\/itacahostel.com\/ca\/#organization\"},\"potentialAction\":[{\"@type\":\"SearchAction\",\"target\":{\"@type\":\"EntryPoint\",\"urlTemplate\":\"https:\/\/itacahostel.com\/ca\/?s={search_term_string}\"},\"query-input\":{\"@type\":\"PropertyValueSpecification\",\"valueRequired\":true,\"valueName\":\"search_term_string\"}}],\"inLanguage\":\"ca\"},{\"@type\":\"Organization\",\"@id\":\"https:\/\/itacahostel.com\/ca\/#organization\",\"name\":\"Itaca Hostel\",\"url\":\"https:\/\/itacahostel.com\/ca\/\",\"logo\":{\"@type\":\"ImageObject\",\"inLanguage\":\"ca\",\"@id\":\"https:\/\/itacahostel.com\/ca\/#\/schema\/logo\/image\/\",\"url\":\"https:\/\/itacahostel.com\/wp-content\/uploads\/2024\/11\/logo-iteca-hostel.png\",\"contentUrl\":\"https:\/\/itacahostel.com\/wp-content\/uploads\/2024\/11\/logo-iteca-hostel.png\",\"width\":300,\"height\":192,\"caption\":\"Itaca Hostel\"},\"image\":{\"@id\":\"https:\/\/itacahostel.com\/ca\/#\/schema\/logo\/image\/\"},\"sameAs\":[\"https:\/\/www.facebook.com\/itacahostel\/\",\"https:\/\/www.instagram.com\/itacahostel\/\"]}]}<\/script>\n<!-- \/ Yoast SEO plugin. -->","yoast_head_json":{"title":"Sobre Nosaltres: Qui som? - Itaca Hostel","description":"Inspirades en els nostres viatges, vam obrir Itaca Hostel al 2001, amb la intenci\u00f3 de reunir el que m\u00e9s ens va agradar dels llocs que vam anar coneixent.","robots":{"index":"index","follow":"follow","max-snippet":"max-snippet:-1","max-image-preview":"max-image-preview:large","max-video-preview":"max-video-preview:-1"},"canonical":"https:\/\/itacahostel.com\/ca\/sobre-nosaltres\/","og_locale":"ca_ES","og_type":"article","og_title":"Sobre Nosaltres: Qui som? - Itaca Hostel","og_description":"Inspirades en els nostres viatges, vam obrir Itaca Hostel al 2001, amb la intenci\u00f3 de reunir el que m\u00e9s ens va agradar dels llocs que vam anar coneixent.","og_url":"https:\/\/itacahostel.com\/ca\/sobre-nosaltres\/","og_site_name":"Itaca Hostel","article_publisher":"https:\/\/www.facebook.com\/itacahostel\/","article_modified_time":"2025-05-19T11:04:34+00:00","og_image":[{"url":"https:\/\/itacahostel.com\/wp-content\/uploads\/2025\/02\/itaca-hostel-quienes-somos-7.jpg","type":"","width":"","height":""}],"twitter_card":"summary_large_image","twitter_title":"Sobre Nosaltres: Qui som? - Itaca Hostel","twitter_description":"Inspirades en els nostres viatges, vam obrir Itaca Hostel al 2001, amb la intenci\u00f3 de reunir el que m\u00e9s ens va agradar dels llocs que vam anar coneixent.","twitter_image":"https:\/\/itacahostel.com\/wp-content\/uploads\/2025\/02\/itaca-hostel-quienes-somos-7.jpg","twitter_misc":{"Temps estimat de lectura":"4 minuts"},"schema":{"@context":"https:\/\/schema.org","@graph":[{"@type":"WebPage","@id":"https:\/\/itacahostel.com\/ca\/sobre-nosaltres\/","url":"https:\/\/itacahostel.com\/ca\/sobre-nosaltres\/","name":"Sobre Nosaltres: Qui som? - Itaca Hostel","isPartOf":{"@id":"https:\/\/itacahostel.com\/ca\/#website"},"datePublished":"2024-11-07T16:20:32+00:00","dateModified":"2025-05-19T11:04:34+00:00","description":"Inspirades en els nostres viatges, vam obrir Itaca Hostel al 2001, amb la intenci\u00f3 de reunir el que m\u00e9s ens va agradar dels llocs que vam anar coneixent.","breadcrumb":{"@id":"https:\/\/itacahostel.com\/ca\/sobre-nosaltres\/#breadcrumb"},"inLanguage":"ca","potentialAction":[{"@type":"ReadAction","target":["https:\/\/itacahostel.com\/ca\/sobre-nosaltres\/"]}]},{"@type":"BreadcrumbList","@id":"https:\/\/itacahostel.com\/ca\/sobre-nosaltres\/#breadcrumb","itemListElement":[{"@type":"ListItem","position":1,"name":"Portada","item":"https:\/\/itacahostel.com\/ca\/"},{"@type":"ListItem","position":2,"name":"Itaca"}]},{"@type":"WebSite","@id":"https:\/\/itacahostel.com\/ca\/#website","url":"https:\/\/itacahostel.com\/ca\/","name":"Itaca Hostel","description":"Barcelona Hostel","publisher":{"@id":"https:\/\/itacahostel.com\/ca\/#organization"},"potentialAction":[{"@type":"SearchAction","target":{"@type":"EntryPoint","urlTemplate":"https:\/\/itacahostel.com\/ca\/?s={search_term_string}"},"query-input":{"@type":"PropertyValueSpecification","valueRequired":true,"valueName":"search_term_string"}}],"inLanguage":"ca"},{"@type":"Organization","@id":"https:\/\/itacahostel.com\/ca\/#organization","name":"Itaca Hostel","url":"https:\/\/itacahostel.com\/ca\/","logo":{"@type":"ImageObject","inLanguage":"ca","@id":"https:\/\/itacahostel.com\/ca\/#\/schema\/logo\/image\/","url":"https:\/\/itacahostel.com\/wp-content\/uploads\/2024\/11\/logo-iteca-hostel.png","contentUrl":"https:\/\/itacahostel.com\/wp-content\/uploads\/2024\/11\/logo-iteca-hostel.png","width":300,"height":192,"caption":"Itaca Hostel"},"image":{"@id":"https:\/\/itacahostel.com\/ca\/#\/schema\/logo\/image\/"},"sameAs":["https:\/\/www.facebook.com\/itacahostel\/","https:\/\/www.instagram.com\/itacahostel\/"]}]}},"_links":{"self":[{"href":"https:\/\/itacahostel.com\/ca\/wp-json\/wp\/v2\/pages\/147008","targetHints":{"allow":["GET"]}}],"collection":[{"href":"https:\/\/itacahostel.com\/ca\/wp-json\/wp\/v2\/pages"}],"about":[{"href":"https:\/\/itacahostel.com\/ca\/wp-json\/wp\/v2\/types\/page"}],"author":[{"embeddable":true,"href":"https:\/\/itacahostel.com\/ca\/wp-json\/wp\/v2\/users\/2"}],"replies":[{"embeddable":true,"href":"https:\/\/itacahostel.com\/ca\/wp-json\/wp\/v2\/comments?post=147008"}],"version-history":[{"count":9,"href":"https:\/\/itacahostel.com\/ca\/wp-json\/wp\/v2\/pages\/147008\/revisions"}],"predecessor-version":[{"id":150484,"href":"https:\/\/itacahostel.com\/ca\/wp-json\/wp\/v2\/pages\/147008\/revisions\/150484"}],"wp:attachment":[{"href":"https:\/\/itacahostel.com\/ca\/wp-json\/wp\/v2\/media?parent=147008"}],"curies":[{"name":"wp","href":"https:\/\/api.w.org\/{rel}","templated":true}]}}